{"id":12,"date":"2019-09-26T13:08:22","date_gmt":"2019-09-26T16:08:22","guid":{"rendered":"https:\/\/papayasunset.com.br\/?page_id=12"},"modified":"2025-03-20T20:08:04","modified_gmt":"2025-03-20T23:08:04","slug":"certificacoes","status":"publish","type":"page","link":"https:\/\/papayasunset.com.br\/en\/certificacoes","title":{"rendered":"Certifications"},"content":{"rendered":"<p>Our duty to Sunset products goes beyond papaya production. Respect for the environment is part of caring for our land. From the handling of the crops, the harvest, the transport and even the delivery of the product in ideal conditions to the market. This is how we gain international trust through the Brazilian papaya.<\/p>\n<p>For this reason, it is a pride to have the quality proven by the various certifications around the world, granted to our exporter Interfruit. This is the proof that a Brazilian company really values producers, consumers and plays an important role in the country&#8217;s culture by taking papaya beyond borders.<\/p>","protected":false},"excerpt":{"rendered":"<p>Our duty to Sunset products goes beyond papaya production. Respect for the environment is part of caring for our land. From the handling of the crops, the harvest, the transport and even the delivery of the product in ideal conditions to the market. This is how we gain international trust through the Brazilian papaya. For [&hellip;]<\/p>\n","protected":false},"author":1,"featured_media":272,"parent":0,"menu_order":3,"comment_status":"closed","ping_status":"closed","template":"page-certificacoes.php","meta":{"footnotes":""},"class_list":["post-12","page","type-page","status-publish","has-post-thumbnail","hentry"],"yoast_head":"\n<title>Certifica\u00e7\u00f5es Internacionais de exporta\u00e7\u00e3o - Mam\u00e3o Sunset<\/title>\n<meta name=\"description\" content=\"As certifica\u00e7\u00f5es internacionais atestam a confian\u00e7a que conquistamos, para levarmos o mam\u00e3o de origem brasileira para al\u00e9m das fronteiras. Confira!\" \/>\n<meta name=\"robots\" content=\"index, follow, max-snippet:-1, max-image-preview:large, max-video-preview:-1\" \/>\n<link rel=\"canonical\" href=\"https:\/\/papayasunset.com.br\/certificacoes\" \/>\n<meta property=\"og:locale\" content=\"en_US\" \/>\n<meta property=\"og:type\" content=\"article\" \/>\n<meta property=\"og:title\" content=\"Certifica\u00e7\u00f5es Internacionais de exporta\u00e7\u00e3o - Mam\u00e3o Sunset\" \/>\n<meta property=\"og:description\" content=\"As certifica\u00e7\u00f5es internacionais atestam a confian\u00e7a que conquistamos, para levarmos o mam\u00e3o de origem brasileira para al\u00e9m das fronteiras. Confira!\" \/>\n<meta property=\"og:url\" content=\"https:\/\/papayasunset.com.br\/certificacoes\" \/>\n<meta property=\"og:site_name\" content=\"Sunset\" \/>\n<meta property=\"article:modified_time\" content=\"2025-03-20T23:08:04+00:00\" \/>\n<meta property=\"og:image\" content=\"https:\/\/papayasunset.com.br\/wp-content\/uploads\/2021\/02\/Banne__Certificacoes.jpg\" \/>\n\t<meta property=\"og:image:width\" content=\"1920\" \/>\n\t<meta property=\"og:image:height\" content=\"1120\" \/>\n\t<meta property=\"og:image:type\" content=\"image\/jpeg\" \/>\n<meta name=\"twitter:card\" content=\"summary_large_image\" \/>\n<script type=\"application\/ld+json\" class=\"yoast-schema-graph\">{\"@context\":\"https:\/\/schema.org\",\"@graph\":[{\"@type\":\"WebPage\",\"@id\":\"https:\/\/papayasunset.com.br\/certificacoes\",\"url\":\"https:\/\/papayasunset.com.br\/certificacoes\",\"name\":\"Certifica\u00e7\u00f5es Internacionais de exporta\u00e7\u00e3o - Mam\u00e3o Sunset\",\"isPartOf\":{\"@id\":\"https:\/\/papayasunset.com.br\/#website\"},\"primaryImageOfPage\":{\"@id\":\"https:\/\/papayasunset.com.br\/certificacoes#primaryimage\"},\"image\":{\"@id\":\"https:\/\/papayasunset.com.br\/certificacoes#primaryimage\"},\"thumbnailUrl\":\"https:\/\/papayasunset.com.br\/wp-content\/uploads\/2021\/02\/Banne__Certificacoes.jpg\",\"datePublished\":\"2019-09-26T16:08:22+00:00\",\"dateModified\":\"2025-03-20T23:08:04+00:00\",\"description\":\"As certifica\u00e7\u00f5es internacionais atestam a confian\u00e7a que conquistamos, para levarmos o mam\u00e3o de origem brasileira para al\u00e9m das fronteiras. Confira!\",\"breadcrumb\":{\"@id\":\"https:\/\/papayasunset.com.br\/certificacoes#breadcrumb\"},\"inLanguage\":\"en-US\",\"potentialAction\":[{\"@type\":\"ReadAction\",\"target\":[\"https:\/\/papayasunset.com.br\/certificacoes\"]}]},{\"@type\":\"ImageObject\",\"inLanguage\":\"en-US\",\"@id\":\"https:\/\/papayasunset.com.br\/certificacoes#primaryimage\",\"url\":\"https:\/\/papayasunset.com.br\/wp-content\/uploads\/2021\/02\/Banne__Certificacoes.jpg\",\"contentUrl\":\"https:\/\/papayasunset.com.br\/wp-content\/uploads\/2021\/02\/Banne__Certificacoes.jpg\",\"width\":1920,\"height\":1120},{\"@type\":\"BreadcrumbList\",\"@id\":\"https:\/\/papayasunset.com.br\/certificacoes#breadcrumb\",\"itemListElement\":[{\"@type\":\"ListItem\",\"position\":1,\"name\":\"Home\",\"item\":\"https:\/\/papayasunset.com.br\/\"},{\"@type\":\"ListItem\",\"position\":2,\"name\":\"Certifica\u00e7\u00f5es\"}]},{\"@type\":\"WebSite\",\"@id\":\"https:\/\/papayasunset.com.br\/#website\",\"url\":\"https:\/\/papayasunset.com.br\/\",\"name\":\"Sunset\",\"description\":\"Brazilian Fruit\",\"publisher\":{\"@id\":\"https:\/\/papayasunset.com.br\/#organization\"},\"potentialAction\":[{\"@type\":\"SearchAction\",\"target\":{\"@type\":\"EntryPoint\",\"urlTemplate\":\"https:\/\/papayasunset.com.br\/?s={search_term_string}\"},\"query-input\":{\"@type\":\"PropertyValueSpecification\",\"valueRequired\":true,\"valueName\":\"search_term_string\"}}],\"inLanguage\":\"en-US\"},{\"@type\":\"Organization\",\"@id\":\"https:\/\/papayasunset.com.br\/#organization\",\"name\":\"Sunset\",\"url\":\"https:\/\/papayasunset.com.br\/\",\"logo\":{\"@type\":\"ImageObject\",\"inLanguage\":\"en-US\",\"@id\":\"https:\/\/papayasunset.com.br\/#\/schema\/logo\/image\/\",\"url\":\"https:\/\/papayasunset.com.br\/wp-content\/uploads\/2019\/09\/Logo-Sunset.png\",\"contentUrl\":\"https:\/\/papayasunset.com.br\/wp-content\/uploads\/2019\/09\/Logo-Sunset.png\",\"width\":301,\"height\":212,\"caption\":\"Sunset\"},\"image\":{\"@id\":\"https:\/\/papayasunset.com.br\/#\/schema\/logo\/image\/\"}}]}<\/script>\n","yoast_head_json":{"title":"Certifica\u00e7\u00f5es Internacionais de exporta\u00e7\u00e3o - Mam\u00e3o Sunset","description":"As certifica\u00e7\u00f5es internacionais atestam a confian\u00e7a que conquistamos, para levarmos o mam\u00e3o de origem brasileira para al\u00e9m das fronteiras. Confira!","robots":{"index":"index","follow":"follow","max-snippet":"max-snippet:-1","max-image-preview":"max-image-preview:large","max-video-preview":"max-video-preview:-1"},"canonical":"https:\/\/papayasunset.com.br\/certificacoes","og_locale":"en_US","og_type":"article","og_title":"Certifica\u00e7\u00f5es Internacionais de exporta\u00e7\u00e3o - Mam\u00e3o Sunset","og_description":"As certifica\u00e7\u00f5es internacionais atestam a confian\u00e7a que conquistamos, para levarmos o mam\u00e3o de origem brasileira para al\u00e9m das fronteiras. Confira!","og_url":"https:\/\/papayasunset.com.br\/certificacoes","og_site_name":"Sunset","article_modified_time":"2025-03-20T23:08:04+00:00","og_image":[{"width":1920,"height":1120,"url":"https:\/\/papayasunset.com.br\/wp-content\/uploads\/2021\/02\/Banne__Certificacoes.jpg","type":"image\/jpeg"}],"twitter_card":"summary_large_image","schema":{"@context":"https:\/\/schema.org","@graph":[{"@type":"WebPage","@id":"https:\/\/papayasunset.com.br\/certificacoes","url":"https:\/\/papayasunset.com.br\/certificacoes","name":"Certifica\u00e7\u00f5es Internacionais de exporta\u00e7\u00e3o - Mam\u00e3o Sunset","isPartOf":{"@id":"https:\/\/papayasunset.com.br\/#website"},"primaryImageOfPage":{"@id":"https:\/\/papayasunset.com.br\/certificacoes#primaryimage"},"image":{"@id":"https:\/\/papayasunset.com.br\/certificacoes#primaryimage"},"thumbnailUrl":"https:\/\/papayasunset.com.br\/wp-content\/uploads\/2021\/02\/Banne__Certificacoes.jpg","datePublished":"2019-09-26T16:08:22+00:00","dateModified":"2025-03-20T23:08:04+00:00","description":"As certifica\u00e7\u00f5es internacionais atestam a confian\u00e7a que conquistamos, para levarmos o mam\u00e3o de origem brasileira para al\u00e9m das fronteiras. Confira!","breadcrumb":{"@id":"https:\/\/papayasunset.com.br\/certificacoes#breadcrumb"},"inLanguage":"en-US","potentialAction":[{"@type":"ReadAction","target":["https:\/\/papayasunset.com.br\/certificacoes"]}]},{"@type":"ImageObject","inLanguage":"en-US","@id":"https:\/\/papayasunset.com.br\/certificacoes#primaryimage","url":"https:\/\/papayasunset.com.br\/wp-content\/uploads\/2021\/02\/Banne__Certificacoes.jpg","contentUrl":"https:\/\/papayasunset.com.br\/wp-content\/uploads\/2021\/02\/Banne__Certificacoes.jpg","width":1920,"height":1120},{"@type":"BreadcrumbList","@id":"https:\/\/papayasunset.com.br\/certificacoes#breadcrumb","itemListElement":[{"@type":"ListItem","position":1,"name":"Home","item":"https:\/\/papayasunset.com.br\/"},{"@type":"ListItem","position":2,"name":"Certifica\u00e7\u00f5es"}]},{"@type":"WebSite","@id":"https:\/\/papayasunset.com.br\/#website","url":"https:\/\/papayasunset.com.br\/","name":"Sunset","description":"Brazilian Fruit","publisher":{"@id":"https:\/\/papayasunset.com.br\/#organization"},"potentialAction":[{"@type":"SearchAction","target":{"@type":"EntryPoint","urlTemplate":"https:\/\/papayasunset.com.br\/?s={search_term_string}"},"query-input":{"@type":"PropertyValueSpecification","valueRequired":true,"valueName":"search_term_string"}}],"inLanguage":"en-US"},{"@type":"Organization","@id":"https:\/\/papayasunset.com.br\/#organization","name":"Sunset","url":"https:\/\/papayasunset.com.br\/","logo":{"@type":"ImageObject","inLanguage":"en-US","@id":"https:\/\/papayasunset.com.br\/#\/schema\/logo\/image\/","url":"https:\/\/papayasunset.com.br\/wp-content\/uploads\/2019\/09\/Logo-Sunset.png","contentUrl":"https:\/\/papayasunset.com.br\/wp-content\/uploads\/2019\/09\/Logo-Sunset.png","width":301,"height":212,"caption":"Sunset"},"image":{"@id":"https:\/\/papayasunset.com.br\/#\/schema\/logo\/image\/"}}]}},"_links":{"self":[{"href":"https:\/\/papayasunset.com.br\/en\/wp-json\/wp\/v2\/pages\/12","targetHints":{"allow":["GET"]}}],"collection":[{"href":"https:\/\/papayasunset.com.br\/en\/wp-json\/wp\/v2\/pages"}],"about":[{"href":"https:\/\/papayasunset.com.br\/en\/wp-json\/wp\/v2\/types\/page"}],"author":[{"embeddable":true,"href":"https:\/\/papayasunset.com.br\/en\/wp-json\/wp\/v2\/users\/1"}],"replies":[{"embeddable":true,"href":"https:\/\/papayasunset.com.br\/en\/wp-json\/wp\/v2\/comments?post=12"}],"version-history":[{"count":10,"href":"https:\/\/papayasunset.com.br\/en\/wp-json\/wp\/v2\/pages\/12\/revisions"}],"predecessor-version":[{"id":388,"href":"https:\/\/papayasunset.com.br\/en\/wp-json\/wp\/v2\/pages\/12\/revisions\/388"}],"wp:featuredmedia":[{"embeddable":true,"href":"https:\/\/papayasunset.com.br\/en\/wp-json\/wp\/v2\/media\/272"}],"wp:attachment":[{"href":"https:\/\/papayasunset.com.br\/en\/wp-json\/wp\/v2\/media?parent=12"}],"curies":[{"name":"wp","href":"https:\/\/api.w.org\/{rel}","templated":true}]}}