{"id":154,"date":"2019-09-30T14:44:40","date_gmt":"2019-09-30T17:44:40","guid":{"rendered":"https:\/\/papayasunset.com.br\/?page_id=154"},"modified":"2021-05-27T23:12:47","modified_gmt":"2021-05-28T02:12:47","slug":"mamao-formosa","status":"publish","type":"page","link":"https:\/\/papayasunset.com.br\/en\/produtos\/mamao-formosa","title":{"rendered":"Brazilian Formosa papaya"},"content":{"rendered":"<p>The tropical climate, without a doubt, is a great match for the Formosa papaya. This variety of fruit, discovered in Mexico and taken to America in the 16th century, possesses the striking, distinctive flavor that sets it apart from any other fruit. In Brazil, Formosa arrived years later, in the mid 70s. But it didn&#8217;t take long for this kind of papaya to win over Brazilians with the great benefits it provides.<\/p>\n<p>Being 35 centimeters wide, with an average weight of 1.3 kilos, this papaya is slightly bigger than the others. Its consumption tends to be in natura or in various recipes that make the delicious Formosa papaya its centerpiece. A fruit that brings a lot to the table, but with few calories, fats or sugar, and zero cholesterol content.<\/p>","protected":false},"excerpt":{"rendered":"<p>Discover the papaya production centers in Brazil<\/p>\n","protected":false},"author":1,"featured_media":271,"parent":10,"menu_order":0,"comment_status":"closed","ping_status":"closed","template":"page-template-mamao.php","meta":{"footnotes":""},"class_list":["post-154","page","type-page","status-publish","has-post-thumbnail","hentry"],"yoast_head":"\n<title>(BR) Mam\u00e3o Formosa - Sunset | De natureza brasileira<\/title>\n<meta name=\"description\" content=\"(BR) O mam\u00e3o Formosa apresenta um sabor forte e rico, e seu prazo de validade \u00e9 maior, pois essa variedade leva mais tempo at\u00e9 que amadure\u00e7a completamente.\" \/>\n<meta name=\"robots\" content=\"index, follow, max-snippet:-1, max-image-preview:large, max-video-preview:-1\" \/>\n<link rel=\"canonical\" href=\"https:\/\/papayasunset.com.br\/en\/produtos\/mamao-formosa\" \/>\n<meta property=\"og:locale\" content=\"en_US\" \/>\n<meta property=\"og:type\" content=\"article\" \/>\n<meta property=\"og:title\" content=\"(BR) Mam\u00e3o Formosa - Sunset | De natureza brasileira\" \/>\n<meta property=\"og:description\" content=\"(BR) O mam\u00e3o Formosa apresenta um sabor forte e rico, e seu prazo de validade \u00e9 maior, pois essa variedade leva mais tempo at\u00e9 que amadure\u00e7a completamente.\" \/>\n<meta property=\"og:url\" content=\"https:\/\/papayasunset.com.br\/en\/produtos\/mamao-formosa\" \/>\n<meta property=\"og:site_name\" content=\"Sunset\" \/>\n<meta property=\"article:modified_time\" content=\"2021-05-28T02:12:47+00:00\" \/>\n<meta property=\"og:image\" content=\"https:\/\/papayasunset.com.br\/wp-content\/uploads\/2021\/02\/03-Banner-Produtos-Formosa.jpg\" \/>\n\t<meta property=\"og:image:width\" content=\"1920\" \/>\n\t<meta property=\"og:image:height\" content=\"1101\" \/>\n\t<meta property=\"og:image:type\" content=\"image\/jpeg\" \/>\n<meta name=\"twitter:card\" content=\"summary_large_image\" \/>\n<meta name=\"twitter:label1\" content=\"Est. reading time\" \/>\n\t<meta name=\"twitter:data1\" content=\"1 minute\" \/>\n<script type=\"application\/ld+json\" class=\"yoast-schema-graph\">{\"@context\":\"https:\/\/schema.org\",\"@graph\":[{\"@type\":\"WebPage\",\"@id\":\"https:\/\/papayasunset.com.br\/en\/produtos\/mamao-formosa\",\"url\":\"https:\/\/papayasunset.com.br\/en\/produtos\/mamao-formosa\",\"name\":\"(BR) Mam\u00e3o Formosa - Sunset | De natureza brasileira\",\"isPartOf\":{\"@id\":\"https:\/\/papayasunset.com.br\/#website\"},\"primaryImageOfPage\":{\"@id\":\"https:\/\/papayasunset.com.br\/en\/produtos\/mamao-formosa#primaryimage\"},\"image\":{\"@id\":\"https:\/\/papayasunset.com.br\/en\/produtos\/mamao-formosa#primaryimage\"},\"thumbnailUrl\":\"https:\/\/papayasunset.com.br\/wp-content\/uploads\/2021\/02\/03-Banner-Produtos-Formosa.jpg\",\"datePublished\":\"2019-09-30T17:44:40+00:00\",\"dateModified\":\"2021-05-28T02:12:47+00:00\",\"description\":\"(BR) O mam\u00e3o Formosa apresenta um sabor forte e rico, e seu prazo de validade \u00e9 maior, pois essa variedade leva mais tempo at\u00e9 que amadure\u00e7a completamente.\",\"breadcrumb\":{\"@id\":\"https:\/\/papayasunset.com.br\/en\/produtos\/mamao-formosa#breadcrumb\"},\"inLanguage\":\"en-US\",\"potentialAction\":[{\"@type\":\"ReadAction\",\"target\":[\"https:\/\/papayasunset.com.br\/en\/produtos\/mamao-formosa\"]}]},{\"@type\":\"ImageObject\",\"inLanguage\":\"en-US\",\"@id\":\"https:\/\/papayasunset.com.br\/en\/produtos\/mamao-formosa#primaryimage\",\"url\":\"https:\/\/papayasunset.com.br\/wp-content\/uploads\/2021\/02\/03-Banner-Produtos-Formosa.jpg\",\"contentUrl\":\"https:\/\/papayasunset.com.br\/wp-content\/uploads\/2021\/02\/03-Banner-Produtos-Formosa.jpg\",\"width\":1920,\"height\":1101},{\"@type\":\"BreadcrumbList\",\"@id\":\"https:\/\/papayasunset.com.br\/en\/produtos\/mamao-formosa#breadcrumb\",\"itemListElement\":[{\"@type\":\"ListItem\",\"position\":1,\"name\":\"Home\",\"item\":\"https:\/\/papayasunset.com.br\/\"},{\"@type\":\"ListItem\",\"position\":2,\"name\":\"Products\",\"item\":\"https:\/\/papayasunset.com.br\/en\/produtos\"},{\"@type\":\"ListItem\",\"position\":3,\"name\":\"Brazilian Formosa papaya\"}]},{\"@type\":\"WebSite\",\"@id\":\"https:\/\/papayasunset.com.br\/#website\",\"url\":\"https:\/\/papayasunset.com.br\/\",\"name\":\"Sunset\",\"description\":\"Brazilian Fruit\",\"publisher\":{\"@id\":\"https:\/\/papayasunset.com.br\/#organization\"},\"potentialAction\":[{\"@type\":\"SearchAction\",\"target\":{\"@type\":\"EntryPoint\",\"urlTemplate\":\"https:\/\/papayasunset.com.br\/?s={search_term_string}\"},\"query-input\":{\"@type\":\"PropertyValueSpecification\",\"valueRequired\":true,\"valueName\":\"search_term_string\"}}],\"inLanguage\":\"en-US\"},{\"@type\":\"Organization\",\"@id\":\"https:\/\/papayasunset.com.br\/#organization\",\"name\":\"Sunset\",\"url\":\"https:\/\/papayasunset.com.br\/\",\"logo\":{\"@type\":\"ImageObject\",\"inLanguage\":\"en-US\",\"@id\":\"https:\/\/papayasunset.com.br\/#\/schema\/logo\/image\/\",\"url\":\"https:\/\/papayasunset.com.br\/wp-content\/uploads\/2019\/09\/Logo-Sunset.png\",\"contentUrl\":\"https:\/\/papayasunset.com.br\/wp-content\/uploads\/2019\/09\/Logo-Sunset.png\",\"width\":301,\"height\":212,\"caption\":\"Sunset\"},\"image\":{\"@id\":\"https:\/\/papayasunset.com.br\/#\/schema\/logo\/image\/\"}}]}<\/script>\n","yoast_head_json":{"title":"(BR) Mam\u00e3o Formosa - Sunset | De natureza brasileira","description":"(BR) O mam\u00e3o Formosa apresenta um sabor forte e rico, e seu prazo de validade \u00e9 maior, pois essa variedade leva mais tempo at\u00e9 que amadure\u00e7a completamente.","robots":{"index":"index","follow":"follow","max-snippet":"max-snippet:-1","max-image-preview":"max-image-preview:large","max-video-preview":"max-video-preview:-1"},"canonical":"https:\/\/papayasunset.com.br\/en\/produtos\/mamao-formosa","og_locale":"en_US","og_type":"article","og_title":"(BR) Mam\u00e3o Formosa - Sunset | De natureza brasileira","og_description":"(BR) O mam\u00e3o Formosa apresenta um sabor forte e rico, e seu prazo de validade \u00e9 maior, pois essa variedade leva mais tempo at\u00e9 que amadure\u00e7a completamente.","og_url":"https:\/\/papayasunset.com.br\/en\/produtos\/mamao-formosa","og_site_name":"Sunset","article_modified_time":"2021-05-28T02:12:47+00:00","og_image":[{"width":1920,"height":1101,"url":"https:\/\/papayasunset.com.br\/wp-content\/uploads\/2021\/02\/03-Banner-Produtos-Formosa.jpg","type":"image\/jpeg"}],"twitter_card":"summary_large_image","twitter_misc":{"Est. reading time":"1 minute"},"schema":{"@context":"https:\/\/schema.org","@graph":[{"@type":"WebPage","@id":"https:\/\/papayasunset.com.br\/en\/produtos\/mamao-formosa","url":"https:\/\/papayasunset.com.br\/en\/produtos\/mamao-formosa","name":"(BR) Mam\u00e3o Formosa - Sunset | De natureza brasileira","isPartOf":{"@id":"https:\/\/papayasunset.com.br\/#website"},"primaryImageOfPage":{"@id":"https:\/\/papayasunset.com.br\/en\/produtos\/mamao-formosa#primaryimage"},"image":{"@id":"https:\/\/papayasunset.com.br\/en\/produtos\/mamao-formosa#primaryimage"},"thumbnailUrl":"https:\/\/papayasunset.com.br\/wp-content\/uploads\/2021\/02\/03-Banner-Produtos-Formosa.jpg","datePublished":"2019-09-30T17:44:40+00:00","dateModified":"2021-05-28T02:12:47+00:00","description":"(BR) O mam\u00e3o Formosa apresenta um sabor forte e rico, e seu prazo de validade \u00e9 maior, pois essa variedade leva mais tempo at\u00e9 que amadure\u00e7a completamente.","breadcrumb":{"@id":"https:\/\/papayasunset.com.br\/en\/produtos\/mamao-formosa#breadcrumb"},"inLanguage":"en-US","potentialAction":[{"@type":"ReadAction","target":["https:\/\/papayasunset.com.br\/en\/produtos\/mamao-formosa"]}]},{"@type":"ImageObject","inLanguage":"en-US","@id":"https:\/\/papayasunset.com.br\/en\/produtos\/mamao-formosa#primaryimage","url":"https:\/\/papayasunset.com.br\/wp-content\/uploads\/2021\/02\/03-Banner-Produtos-Formosa.jpg","contentUrl":"https:\/\/papayasunset.com.br\/wp-content\/uploads\/2021\/02\/03-Banner-Produtos-Formosa.jpg","width":1920,"height":1101},{"@type":"BreadcrumbList","@id":"https:\/\/papayasunset.com.br\/en\/produtos\/mamao-formosa#breadcrumb","itemListElement":[{"@type":"ListItem","position":1,"name":"Home","item":"https:\/\/papayasunset.com.br\/"},{"@type":"ListItem","position":2,"name":"Products","item":"https:\/\/papayasunset.com.br\/en\/produtos"},{"@type":"ListItem","position":3,"name":"Brazilian Formosa papaya"}]},{"@type":"WebSite","@id":"https:\/\/papayasunset.com.br\/#website","url":"https:\/\/papayasunset.com.br\/","name":"Sunset","description":"Brazilian Fruit","publisher":{"@id":"https:\/\/papayasunset.com.br\/#organization"},"potentialAction":[{"@type":"SearchAction","target":{"@type":"EntryPoint","urlTemplate":"https:\/\/papayasunset.com.br\/?s={search_term_string}"},"query-input":{"@type":"PropertyValueSpecification","valueRequired":true,"valueName":"search_term_string"}}],"inLanguage":"en-US"},{"@type":"Organization","@id":"https:\/\/papayasunset.com.br\/#organization","name":"Sunset","url":"https:\/\/papayasunset.com.br\/","logo":{"@type":"ImageObject","inLanguage":"en-US","@id":"https:\/\/papayasunset.com.br\/#\/schema\/logo\/image\/","url":"https:\/\/papayasunset.com.br\/wp-content\/uploads\/2019\/09\/Logo-Sunset.png","contentUrl":"https:\/\/papayasunset.com.br\/wp-content\/uploads\/2019\/09\/Logo-Sunset.png","width":301,"height":212,"caption":"Sunset"},"image":{"@id":"https:\/\/papayasunset.com.br\/#\/schema\/logo\/image\/"}}]}},"_links":{"self":[{"href":"https:\/\/papayasunset.com.br\/en\/wp-json\/wp\/v2\/pages\/154","targetHints":{"allow":["GET"]}}],"collection":[{"href":"https:\/\/papayasunset.com.br\/en\/wp-json\/wp\/v2\/pages"}],"about":[{"href":"https:\/\/papayasunset.com.br\/en\/wp-json\/wp\/v2\/types\/page"}],"author":[{"embeddable":true,"href":"https:\/\/papayasunset.com.br\/en\/wp-json\/wp\/v2\/users\/1"}],"replies":[{"embeddable":true,"href":"https:\/\/papayasunset.com.br\/en\/wp-json\/wp\/v2\/comments?post=154"}],"version-history":[{"count":6,"href":"https:\/\/papayasunset.com.br\/en\/wp-json\/wp\/v2\/pages\/154\/revisions"}],"predecessor-version":[{"id":361,"href":"https:\/\/papayasunset.com.br\/en\/wp-json\/wp\/v2\/pages\/154\/revisions\/361"}],"up":[{"embeddable":true,"href":"https:\/\/papayasunset.com.br\/en\/wp-json\/wp\/v2\/pages\/10"}],"wp:featuredmedia":[{"embeddable":true,"href":"https:\/\/papayasunset.com.br\/en\/wp-json\/wp\/v2\/media\/271"}],"wp:attachment":[{"href":"https:\/\/papayasunset.com.br\/en\/wp-json\/wp\/v2\/media?parent=154"}],"curies":[{"name":"wp","href":"https:\/\/api.w.org\/{rel}","templated":true}]}}