{"id":166,"date":"2019-09-30T15:15:10","date_gmt":"2019-09-30T18:15:10","guid":{"rendered":"https:\/\/papayasunset.com.br\/?page_id=166"},"modified":"2021-05-27T11:16:28","modified_gmt":"2021-05-27T14:16:28","slug":"global-gap-grasp","status":"publish","type":"page","link":"https:\/\/papayasunset.com.br\/en\/certificacoes\/global-gap-grasp","title":{"rendered":"GlobalG.A.P. GRASP certification"},"content":{"rendered":"<p>GRASP is a voluntary complement to the Global G.A.P. Protocol that ensures the establishment of good social practices in the production unit. The catalogue of GRASP requirements consists of 11 documents that touch on specific aspects of health, safety and well being of workers, as well as an additional requirement for Quality System Management.<\/p>\n<p>The GRASP certification also grants our exporter Interfruit and our brand the guarantee of social referentials in its GLOBALG.A.P. certification<\/p>","protected":false},"excerpt":{"rendered":"<p>GRASP is a voluntary complement to the Global G.A.P. Protocol that ensures the establishment of good social practices in the production unit. The catalogue of GRASP requirements consists of 11 documents that touch on specific aspects of health, safety and well being of workers, as well as an additional requirement for Quality System Management. The [&hellip;]<\/p>\n","protected":false},"author":1,"featured_media":0,"parent":12,"menu_order":0,"comment_status":"closed","ping_status":"closed","template":"page-template-certificacoes.php","meta":{"footnotes":""},"class_list":["post-166","page","type-page","status-publish","hentry"],"yoast_head":"\n<title>(BR) Certifica\u00e7\u00e3o da APHIS - Sunset | Exporta\u00e7\u00e3o Interfruit<\/title>\n<meta name=\"description\" content=\"(BR) A Certifica\u00e7\u00e3o da APHIS, ligada ao Departamento de Agricultura dos EUA, atesta o cuidado e responsabilidade em todo o processo do mam\u00e3o Caldara!\" \/>\n<meta name=\"robots\" content=\"index, follow, max-snippet:-1, max-image-preview:large, max-video-preview:-1\" \/>\n<link rel=\"canonical\" href=\"https:\/\/papayasunset.com.br\/en\/certificacoes\/global-gap-grasp\" \/>\n<meta property=\"og:locale\" content=\"en_US\" \/>\n<meta property=\"og:type\" content=\"article\" \/>\n<meta property=\"og:title\" content=\"(BR) Certifica\u00e7\u00e3o da APHIS - Sunset | Exporta\u00e7\u00e3o Interfruit\" \/>\n<meta property=\"og:description\" content=\"(BR) A Certifica\u00e7\u00e3o da APHIS, ligada ao Departamento de Agricultura dos EUA, atesta o cuidado e responsabilidade em todo o processo do mam\u00e3o Caldara!\" \/>\n<meta property=\"og:url\" content=\"https:\/\/papayasunset.com.br\/en\/certificacoes\/global-gap-grasp\" \/>\n<meta property=\"og:site_name\" content=\"Sunset\" \/>\n<meta property=\"article:modified_time\" content=\"2021-05-27T14:16:28+00:00\" \/>\n<meta name=\"twitter:card\" content=\"summary_large_image\" \/>\n<meta name=\"twitter:label1\" content=\"Est. reading time\" \/>\n\t<meta name=\"twitter:data1\" content=\"1 minute\" \/>\n<script type=\"application\/ld+json\" class=\"yoast-schema-graph\">{\"@context\":\"https:\/\/schema.org\",\"@graph\":[{\"@type\":\"WebPage\",\"@id\":\"https:\/\/papayasunset.com.br\/en\/certificacoes\/global-gap-grasp\",\"url\":\"https:\/\/papayasunset.com.br\/en\/certificacoes\/global-gap-grasp\",\"name\":\"(BR) Certifica\u00e7\u00e3o da APHIS - Sunset | Exporta\u00e7\u00e3o Interfruit\",\"isPartOf\":{\"@id\":\"https:\/\/papayasunset.com.br\/#website\"},\"datePublished\":\"2019-09-30T18:15:10+00:00\",\"dateModified\":\"2021-05-27T14:16:28+00:00\",\"description\":\"(BR) A Certifica\u00e7\u00e3o da APHIS, ligada ao Departamento de Agricultura dos EUA, atesta o cuidado e responsabilidade em todo o processo do mam\u00e3o Caldara!\",\"breadcrumb\":{\"@id\":\"https:\/\/papayasunset.com.br\/en\/certificacoes\/global-gap-grasp#breadcrumb\"},\"inLanguage\":\"en-US\",\"potentialAction\":[{\"@type\":\"ReadAction\",\"target\":[\"https:\/\/papayasunset.com.br\/en\/certificacoes\/global-gap-grasp\"]}]},{\"@type\":\"BreadcrumbList\",\"@id\":\"https:\/\/papayasunset.com.br\/en\/certificacoes\/global-gap-grasp#breadcrumb\",\"itemListElement\":[{\"@type\":\"ListItem\",\"position\":1,\"name\":\"Home\",\"item\":\"https:\/\/papayasunset.com.br\/\"},{\"@type\":\"ListItem\",\"position\":2,\"name\":\"Certifica\u00e7\u00f5es\",\"item\":\"https:\/\/papayasunset.com.br\/certificacoes\"},{\"@type\":\"ListItem\",\"position\":3,\"name\":\"GlobalG.A.P. GRASP certification\"}]},{\"@type\":\"WebSite\",\"@id\":\"https:\/\/papayasunset.com.br\/#website\",\"url\":\"https:\/\/papayasunset.com.br\/\",\"name\":\"Sunset\",\"description\":\"Brazilian Fruit\",\"publisher\":{\"@id\":\"https:\/\/papayasunset.com.br\/#organization\"},\"potentialAction\":[{\"@type\":\"SearchAction\",\"target\":{\"@type\":\"EntryPoint\",\"urlTemplate\":\"https:\/\/papayasunset.com.br\/?s={search_term_string}\"},\"query-input\":{\"@type\":\"PropertyValueSpecification\",\"valueRequired\":true,\"valueName\":\"search_term_string\"}}],\"inLanguage\":\"en-US\"},{\"@type\":\"Organization\",\"@id\":\"https:\/\/papayasunset.com.br\/#organization\",\"name\":\"Sunset\",\"url\":\"https:\/\/papayasunset.com.br\/\",\"logo\":{\"@type\":\"ImageObject\",\"inLanguage\":\"en-US\",\"@id\":\"https:\/\/papayasunset.com.br\/#\/schema\/logo\/image\/\",\"url\":\"https:\/\/papayasunset.com.br\/wp-content\/uploads\/2019\/09\/Logo-Sunset.png\",\"contentUrl\":\"https:\/\/papayasunset.com.br\/wp-content\/uploads\/2019\/09\/Logo-Sunset.png\",\"width\":301,\"height\":212,\"caption\":\"Sunset\"},\"image\":{\"@id\":\"https:\/\/papayasunset.com.br\/#\/schema\/logo\/image\/\"}}]}<\/script>\n","yoast_head_json":{"title":"(BR) Certifica\u00e7\u00e3o da APHIS - Sunset | Exporta\u00e7\u00e3o Interfruit","description":"(BR) A Certifica\u00e7\u00e3o da APHIS, ligada ao Departamento de Agricultura dos EUA, atesta o cuidado e responsabilidade em todo o processo do mam\u00e3o Caldara!","robots":{"index":"index","follow":"follow","max-snippet":"max-snippet:-1","max-image-preview":"max-image-preview:large","max-video-preview":"max-video-preview:-1"},"canonical":"https:\/\/papayasunset.com.br\/en\/certificacoes\/global-gap-grasp","og_locale":"en_US","og_type":"article","og_title":"(BR) Certifica\u00e7\u00e3o da APHIS - Sunset | Exporta\u00e7\u00e3o Interfruit","og_description":"(BR) A Certifica\u00e7\u00e3o da APHIS, ligada ao Departamento de Agricultura dos EUA, atesta o cuidado e responsabilidade em todo o processo do mam\u00e3o Caldara!","og_url":"https:\/\/papayasunset.com.br\/en\/certificacoes\/global-gap-grasp","og_site_name":"Sunset","article_modified_time":"2021-05-27T14:16:28+00:00","twitter_card":"summary_large_image","twitter_misc":{"Est. reading time":"1 minute"},"schema":{"@context":"https:\/\/schema.org","@graph":[{"@type":"WebPage","@id":"https:\/\/papayasunset.com.br\/en\/certificacoes\/global-gap-grasp","url":"https:\/\/papayasunset.com.br\/en\/certificacoes\/global-gap-grasp","name":"(BR) Certifica\u00e7\u00e3o da APHIS - Sunset | Exporta\u00e7\u00e3o Interfruit","isPartOf":{"@id":"https:\/\/papayasunset.com.br\/#website"},"datePublished":"2019-09-30T18:15:10+00:00","dateModified":"2021-05-27T14:16:28+00:00","description":"(BR) A Certifica\u00e7\u00e3o da APHIS, ligada ao Departamento de Agricultura dos EUA, atesta o cuidado e responsabilidade em todo o processo do mam\u00e3o Caldara!","breadcrumb":{"@id":"https:\/\/papayasunset.com.br\/en\/certificacoes\/global-gap-grasp#breadcrumb"},"inLanguage":"en-US","potentialAction":[{"@type":"ReadAction","target":["https:\/\/papayasunset.com.br\/en\/certificacoes\/global-gap-grasp"]}]},{"@type":"BreadcrumbList","@id":"https:\/\/papayasunset.com.br\/en\/certificacoes\/global-gap-grasp#breadcrumb","itemListElement":[{"@type":"ListItem","position":1,"name":"Home","item":"https:\/\/papayasunset.com.br\/"},{"@type":"ListItem","position":2,"name":"Certifica\u00e7\u00f5es","item":"https:\/\/papayasunset.com.br\/certificacoes"},{"@type":"ListItem","position":3,"name":"GlobalG.A.P. GRASP certification"}]},{"@type":"WebSite","@id":"https:\/\/papayasunset.com.br\/#website","url":"https:\/\/papayasunset.com.br\/","name":"Sunset","description":"Brazilian Fruit","publisher":{"@id":"https:\/\/papayasunset.com.br\/#organization"},"potentialAction":[{"@type":"SearchAction","target":{"@type":"EntryPoint","urlTemplate":"https:\/\/papayasunset.com.br\/?s={search_term_string}"},"query-input":{"@type":"PropertyValueSpecification","valueRequired":true,"valueName":"search_term_string"}}],"inLanguage":"en-US"},{"@type":"Organization","@id":"https:\/\/papayasunset.com.br\/#organization","name":"Sunset","url":"https:\/\/papayasunset.com.br\/","logo":{"@type":"ImageObject","inLanguage":"en-US","@id":"https:\/\/papayasunset.com.br\/#\/schema\/logo\/image\/","url":"https:\/\/papayasunset.com.br\/wp-content\/uploads\/2019\/09\/Logo-Sunset.png","contentUrl":"https:\/\/papayasunset.com.br\/wp-content\/uploads\/2019\/09\/Logo-Sunset.png","width":301,"height":212,"caption":"Sunset"},"image":{"@id":"https:\/\/papayasunset.com.br\/#\/schema\/logo\/image\/"}}]}},"_links":{"self":[{"href":"https:\/\/papayasunset.com.br\/en\/wp-json\/wp\/v2\/pages\/166","targetHints":{"allow":["GET"]}}],"collection":[{"href":"https:\/\/papayasunset.com.br\/en\/wp-json\/wp\/v2\/pages"}],"about":[{"href":"https:\/\/papayasunset.com.br\/en\/wp-json\/wp\/v2\/types\/page"}],"author":[{"embeddable":true,"href":"https:\/\/papayasunset.com.br\/en\/wp-json\/wp\/v2\/users\/1"}],"replies":[{"embeddable":true,"href":"https:\/\/papayasunset.com.br\/en\/wp-json\/wp\/v2\/comments?post=166"}],"version-history":[{"count":2,"href":"https:\/\/papayasunset.com.br\/en\/wp-json\/wp\/v2\/pages\/166\/revisions"}],"predecessor-version":[{"id":348,"href":"https:\/\/papayasunset.com.br\/en\/wp-json\/wp\/v2\/pages\/166\/revisions\/348"}],"up":[{"embeddable":true,"href":"https:\/\/papayasunset.com.br\/en\/wp-json\/wp\/v2\/pages\/12"}],"wp:attachment":[{"href":"https:\/\/papayasunset.com.br\/en\/wp-json\/wp\/v2\/media?parent=166"}],"curies":[{"name":"wp","href":"https:\/\/api.w.org\/{rel}","templated":true}]}}