{"id":169,"date":"2019-09-30T15:54:10","date_gmt":"2019-09-30T18:54:10","guid":{"rendered":"https:\/\/papayasunset.com.br\/?page_id=169"},"modified":"2025-03-20T20:08:34","modified_gmt":"2025-03-20T23:08:34","slug":"certificacao-da-global-gap","status":"publish","type":"page","link":"https:\/\/papayasunset.com.br\/en\/certificacoes\/certificacao-da-global-gap","title":{"rendered":"Certifica\u00e7\u00e3o da GlobalG.A.P"},"content":{"rendered":"<p>The Global organization has a crucial objective: healthy and sustainable agriculture worldwide. These are voluntary referentials for the certification of agricultural products worldwide, based on good agricultural practices.<\/p>\n<p>Most retailers in today&#8217;s markets, everywhere in the world, demand certain referentials that ensure safe and sustainable agriculture. The GLOBALG.A.P. certification is highly regarded for demonstrating food safety and production unit sustainability, and ensures that same quality to the final consumer.<\/p>\n<p>By fulfilling GLOBALG.A.P. referentials, we deliver our products, in local and world levels, endorsed by an Integrated System of Production Guarantee in the highest level of quality.<\/p>","protected":false},"excerpt":{"rendered":"<p>The Global organization has a crucial objective: healthy and sustainable agriculture worldwide. These are voluntary referentials for the certification of agricultural products worldwide, based on good agricultural practices. Most retailers in today&#8217;s markets, everywhere in the world, demand certain referentials that ensure safe and sustainable agriculture. The GLOBALG.A.P. certification is highly regarded for demonstrating food [&hellip;]<\/p>\n","protected":false},"author":1,"featured_media":0,"parent":12,"menu_order":0,"comment_status":"closed","ping_status":"closed","template":"page-template-certificacoes.php","meta":{"footnotes":""},"class_list":["post-169","page","type-page","status-publish","hentry"],"yoast_head":"\n<title>Certifica\u00e7\u00e3o da GlobalG.A.P - Sunset<\/title>\n<meta name=\"description\" content=\"(BR) A certifica\u00e7\u00e3o da GlobalG.A.P, reconhecida internacionalmente, significa a oportunidade de produtores locais atuarem em novos mercados a n\u00edvel global!\" \/>\n<meta name=\"robots\" content=\"index, follow, max-snippet:-1, max-image-preview:large, max-video-preview:-1\" \/>\n<link rel=\"canonical\" href=\"https:\/\/papayasunset.com.br\/en\/certificacoes\/certificacao-da-global-gap\" \/>\n<meta property=\"og:locale\" content=\"en_US\" \/>\n<meta property=\"og:type\" content=\"article\" \/>\n<meta property=\"og:title\" content=\"Certifica\u00e7\u00e3o da GlobalG.A.P - Sunset\" \/>\n<meta property=\"og:description\" content=\"(BR) A certifica\u00e7\u00e3o da GlobalG.A.P, reconhecida internacionalmente, significa a oportunidade de produtores locais atuarem em novos mercados a n\u00edvel global!\" \/>\n<meta property=\"og:url\" content=\"https:\/\/papayasunset.com.br\/en\/certificacoes\/certificacao-da-global-gap\" \/>\n<meta property=\"og:site_name\" content=\"Sunset\" \/>\n<meta property=\"article:modified_time\" content=\"2025-03-20T23:08:34+00:00\" \/>\n<meta name=\"twitter:card\" content=\"summary_large_image\" \/>\n<meta name=\"twitter:label1\" content=\"Est. reading time\" \/>\n\t<meta name=\"twitter:data1\" content=\"1 minute\" \/>\n<script type=\"application\/ld+json\" class=\"yoast-schema-graph\">{\"@context\":\"https:\/\/schema.org\",\"@graph\":[{\"@type\":\"WebPage\",\"@id\":\"https:\/\/papayasunset.com.br\/en\/certificacoes\/certificacao-da-global-gap\",\"url\":\"https:\/\/papayasunset.com.br\/en\/certificacoes\/certificacao-da-global-gap\",\"name\":\"[:pb]Certifica\u00e7\u00e3o da GlobalG.A.P[:en]Certifica\u00e7\u00e3o da GlobalG.A.P[:es]Certificaci\u00f3n GlobalG.A.P.[:] - Sunset\",\"isPartOf\":{\"@id\":\"https:\/\/papayasunset.com.br\/#website\"},\"datePublished\":\"2019-09-30T18:54:10+00:00\",\"dateModified\":\"2025-03-20T23:08:34+00:00\",\"description\":\"(BR) A certifica\u00e7\u00e3o da GlobalG.A.P, reconhecida internacionalmente, significa a oportunidade de produtores locais atuarem em novos mercados a n\u00edvel global!\",\"breadcrumb\":{\"@id\":\"https:\/\/papayasunset.com.br\/en\/certificacoes\/certificacao-da-global-gap#breadcrumb\"},\"inLanguage\":\"en-US\",\"potentialAction\":[{\"@type\":\"ReadAction\",\"target\":[\"https:\/\/papayasunset.com.br\/en\/certificacoes\/certificacao-da-global-gap\"]}]},{\"@type\":\"BreadcrumbList\",\"@id\":\"https:\/\/papayasunset.com.br\/en\/certificacoes\/certificacao-da-global-gap#breadcrumb\",\"itemListElement\":[{\"@type\":\"ListItem\",\"position\":1,\"name\":\"Home\",\"item\":\"https:\/\/papayasunset.com.br\/\"},{\"@type\":\"ListItem\",\"position\":2,\"name\":\"Certifica\u00e7\u00f5es\",\"item\":\"https:\/\/papayasunset.com.br\/certificacoes\"},{\"@type\":\"ListItem\",\"position\":3,\"name\":\"Certifica\u00e7\u00e3o da GlobalG.A.P\"}]},{\"@type\":\"WebSite\",\"@id\":\"https:\/\/papayasunset.com.br\/#website\",\"url\":\"https:\/\/papayasunset.com.br\/\",\"name\":\"Sunset\",\"description\":\"Brazilian Fruit\",\"publisher\":{\"@id\":\"https:\/\/papayasunset.com.br\/#organization\"},\"potentialAction\":[{\"@type\":\"SearchAction\",\"target\":{\"@type\":\"EntryPoint\",\"urlTemplate\":\"https:\/\/papayasunset.com.br\/?s={search_term_string}\"},\"query-input\":{\"@type\":\"PropertyValueSpecification\",\"valueRequired\":true,\"valueName\":\"search_term_string\"}}],\"inLanguage\":\"en-US\"},{\"@type\":\"Organization\",\"@id\":\"https:\/\/papayasunset.com.br\/#organization\",\"name\":\"Sunset\",\"url\":\"https:\/\/papayasunset.com.br\/\",\"logo\":{\"@type\":\"ImageObject\",\"inLanguage\":\"en-US\",\"@id\":\"https:\/\/papayasunset.com.br\/#\/schema\/logo\/image\/\",\"url\":\"https:\/\/papayasunset.com.br\/wp-content\/uploads\/2019\/09\/Logo-Sunset.png\",\"contentUrl\":\"https:\/\/papayasunset.com.br\/wp-content\/uploads\/2019\/09\/Logo-Sunset.png\",\"width\":301,\"height\":212,\"caption\":\"Sunset\"},\"image\":{\"@id\":\"https:\/\/papayasunset.com.br\/#\/schema\/logo\/image\/\"}}]}<\/script>\n","yoast_head_json":{"title":"Certifica\u00e7\u00e3o da GlobalG.A.P - Sunset","description":"(BR) A certifica\u00e7\u00e3o da GlobalG.A.P, reconhecida internacionalmente, significa a oportunidade de produtores locais atuarem em novos mercados a n\u00edvel global!","robots":{"index":"index","follow":"follow","max-snippet":"max-snippet:-1","max-image-preview":"max-image-preview:large","max-video-preview":"max-video-preview:-1"},"canonical":"https:\/\/papayasunset.com.br\/en\/certificacoes\/certificacao-da-global-gap","og_locale":"en_US","og_type":"article","og_title":"Certifica\u00e7\u00e3o da GlobalG.A.P - Sunset","og_description":"(BR) A certifica\u00e7\u00e3o da GlobalG.A.P, reconhecida internacionalmente, significa a oportunidade de produtores locais atuarem em novos mercados a n\u00edvel global!","og_url":"https:\/\/papayasunset.com.br\/en\/certificacoes\/certificacao-da-global-gap","og_site_name":"Sunset","article_modified_time":"2025-03-20T23:08:34+00:00","twitter_card":"summary_large_image","twitter_misc":{"Est. reading time":"1 minute"},"schema":{"@context":"https:\/\/schema.org","@graph":[{"@type":"WebPage","@id":"https:\/\/papayasunset.com.br\/en\/certificacoes\/certificacao-da-global-gap","url":"https:\/\/papayasunset.com.br\/en\/certificacoes\/certificacao-da-global-gap","name":"[:pb]Certifica\u00e7\u00e3o da GlobalG.A.P[:en]Certifica\u00e7\u00e3o da GlobalG.A.P[:es]Certificaci\u00f3n GlobalG.A.P.[:] - Sunset","isPartOf":{"@id":"https:\/\/papayasunset.com.br\/#website"},"datePublished":"2019-09-30T18:54:10+00:00","dateModified":"2025-03-20T23:08:34+00:00","description":"(BR) A certifica\u00e7\u00e3o da GlobalG.A.P, reconhecida internacionalmente, significa a oportunidade de produtores locais atuarem em novos mercados a n\u00edvel global!","breadcrumb":{"@id":"https:\/\/papayasunset.com.br\/en\/certificacoes\/certificacao-da-global-gap#breadcrumb"},"inLanguage":"en-US","potentialAction":[{"@type":"ReadAction","target":["https:\/\/papayasunset.com.br\/en\/certificacoes\/certificacao-da-global-gap"]}]},{"@type":"BreadcrumbList","@id":"https:\/\/papayasunset.com.br\/en\/certificacoes\/certificacao-da-global-gap#breadcrumb","itemListElement":[{"@type":"ListItem","position":1,"name":"Home","item":"https:\/\/papayasunset.com.br\/"},{"@type":"ListItem","position":2,"name":"Certifica\u00e7\u00f5es","item":"https:\/\/papayasunset.com.br\/certificacoes"},{"@type":"ListItem","position":3,"name":"Certifica\u00e7\u00e3o da GlobalG.A.P"}]},{"@type":"WebSite","@id":"https:\/\/papayasunset.com.br\/#website","url":"https:\/\/papayasunset.com.br\/","name":"Sunset","description":"Brazilian Fruit","publisher":{"@id":"https:\/\/papayasunset.com.br\/#organization"},"potentialAction":[{"@type":"SearchAction","target":{"@type":"EntryPoint","urlTemplate":"https:\/\/papayasunset.com.br\/?s={search_term_string}"},"query-input":{"@type":"PropertyValueSpecification","valueRequired":true,"valueName":"search_term_string"}}],"inLanguage":"en-US"},{"@type":"Organization","@id":"https:\/\/papayasunset.com.br\/#organization","name":"Sunset","url":"https:\/\/papayasunset.com.br\/","logo":{"@type":"ImageObject","inLanguage":"en-US","@id":"https:\/\/papayasunset.com.br\/#\/schema\/logo\/image\/","url":"https:\/\/papayasunset.com.br\/wp-content\/uploads\/2019\/09\/Logo-Sunset.png","contentUrl":"https:\/\/papayasunset.com.br\/wp-content\/uploads\/2019\/09\/Logo-Sunset.png","width":301,"height":212,"caption":"Sunset"},"image":{"@id":"https:\/\/papayasunset.com.br\/#\/schema\/logo\/image\/"}}]}},"_links":{"self":[{"href":"https:\/\/papayasunset.com.br\/en\/wp-json\/wp\/v2\/pages\/169","targetHints":{"allow":["GET"]}}],"collection":[{"href":"https:\/\/papayasunset.com.br\/en\/wp-json\/wp\/v2\/pages"}],"about":[{"href":"https:\/\/papayasunset.com.br\/en\/wp-json\/wp\/v2\/types\/page"}],"author":[{"embeddable":true,"href":"https:\/\/papayasunset.com.br\/en\/wp-json\/wp\/v2\/users\/1"}],"replies":[{"embeddable":true,"href":"https:\/\/papayasunset.com.br\/en\/wp-json\/wp\/v2\/comments?post=169"}],"version-history":[{"count":2,"href":"https:\/\/papayasunset.com.br\/en\/wp-json\/wp\/v2\/pages\/169\/revisions"}],"predecessor-version":[{"id":347,"href":"https:\/\/papayasunset.com.br\/en\/wp-json\/wp\/v2\/pages\/169\/revisions\/347"}],"up":[{"embeddable":true,"href":"https:\/\/papayasunset.com.br\/en\/wp-json\/wp\/v2\/pages\/12"}],"wp:attachment":[{"href":"https:\/\/papayasunset.com.br\/en\/wp-json\/wp\/v2\/media?parent=169"}],"curies":[{"name":"wp","href":"https:\/\/api.w.org\/{rel}","templated":true}]}}