{"id":17,"date":"2019-09-26T13:09:11","date_gmt":"2019-09-26T16:09:11","guid":{"rendered":"https:\/\/papayasunset.com.br\/?page_id=17"},"modified":"2021-07-22T15:31:52","modified_gmt":"2021-07-22T18:31:52","slug":"contato","status":"publish","type":"page","link":"https:\/\/papayasunset.com.br\/en\/contato","title":{"rendered":"Contact"},"content":{"rendered":"<p>To speak to our team and answer any questions about Sunset papaya export, fill out the form below and one of our specialists will return your contact.<\/p>\n<p>\n<div class=\"wpcf7 no-js\" id=\"wpcf7-f370-o2\" lang=\"pt-BR\" dir=\"ltr\" data-wpcf7-id=\"370\">\n<div class=\"screen-reader-response\"><p role=\"status\" aria-live=\"polite\" aria-atomic=\"true\"><\/p> <ul><\/ul><\/div>\n<form action=\"\/en\/wp-json\/wp\/v2\/pages\/17#wpcf7-f370-o2\" method=\"post\" class=\"wpcf7-form init formulario-contato\" aria-label=\"Formul\u00e1rios de contato\" novalidate=\"novalidate\" data-status=\"init\">\n<div style=\"display: none;\">\n<input type=\"hidden\" name=\"_wpcf7\" value=\"370\" \/>\n<input type=\"hidden\" name=\"_wpcf7_version\" value=\"6.0.5\" \/>\n<input type=\"hidden\" name=\"_wpcf7_locale\" value=\"pt_BR\" \/>\n<input type=\"hidden\" name=\"_wpcf7_unit_tag\" value=\"wpcf7-f370-o2\" \/>\n<input type=\"hidden\" name=\"_wpcf7_container_post\" value=\"0\" \/>\n<input type=\"hidden\" name=\"_wpcf7_posted_data_hash\" value=\"\" \/>\n<input type=\"hidden\" name=\"_wpcf7_recaptcha_response\" value=\"\" \/>\n<\/div>\n<div uk-grid>\n<div class=\"uk-width-1-2@s\">\n<span class=\"wpcf7-form-control-wrap\" data-name=\"nome\"><input size=\"40\" maxlength=\"400\" class=\"wpcf7-form-control wpcf7-text wpcf7-validates-as-required uk-input\" aria-required=\"true\" aria-invalid=\"false\" placeholder=\"Name\" value=\"\" type=\"text\" name=\"nome\" \/><\/span>\n<span class=\"wpcf7-form-control-wrap\" data-name=\"email\"><input size=\"40\" maxlength=\"400\" class=\"wpcf7-form-control wpcf7-email wpcf7-validates-as-required wpcf7-text wpcf7-validates-as-email uk-input\" aria-required=\"true\" aria-invalid=\"false\" placeholder=\"Email\" value=\"\" type=\"email\" name=\"email\" \/><\/span>\n<span class=\"wpcf7-form-control-wrap\" data-name=\"telefone\"><input size=\"40\" maxlength=\"400\" class=\"wpcf7-form-control wpcf7-tel wpcf7-validates-as-required wpcf7-text wpcf7-validates-as-tel uk-input\" aria-required=\"true\" aria-invalid=\"false\" placeholder=\"Telephone\" value=\"\" type=\"tel\" name=\"telefone\" \/><\/span>\n<\/div>\n<div class=\"uk-width-1-2@s uk-margin-remove-top\">\n<span class=\"wpcf7-form-control-wrap\" data-name=\"mensagem\"><textarea cols=\"40\" rows=\"10\" maxlength=\"2000\" class=\"wpcf7-form-control wpcf7-textarea uk-input\" aria-invalid=\"false\" placeholder=\"Message\" name=\"mensagem\"><\/textarea><\/span>\n<input class=\"wpcf7-form-control wpcf7-submit has-spinner uk-button uk-button-default\" type=\"submit\" value=\"Send\" \/>\n<\/div>\n<\/div><div class=\"wpcf7-response-output\" aria-hidden=\"true\"><\/div>\n<\/form>\n<\/div>\n<\/p>","protected":false},"excerpt":{"rendered":"<p>To speak to our team and answer any questions about Sunset papaya export, fill out the form below and one of our specialists will return your contact.<\/p>\n","protected":false},"author":1,"featured_media":188,"parent":0,"menu_order":5,"comment_status":"closed","ping_status":"closed","template":"page-contato.php","meta":{"footnotes":""},"class_list":["post-17","page","type-page","status-publish","has-post-thumbnail","hentry"],"yoast_head":"\n<title>(BR) Entre em contato conosco e conhe\u00e7a o mam\u00e3o Sunset<\/title>\n<meta name=\"description\" content=\"(BR) Acesse os nossos pontos de contato para conversar com a nossa equipe e tirar d\u00favidas sobre a exporta\u00e7\u00e3o do mam\u00e3o Sunset. Confira!\" \/>\n<meta name=\"robots\" content=\"index, follow, max-snippet:-1, max-image-preview:large, max-video-preview:-1\" \/>\n<link rel=\"canonical\" href=\"https:\/\/papayasunset.com.br\/en\/contato\" \/>\n<meta property=\"og:locale\" content=\"en_US\" \/>\n<meta property=\"og:type\" content=\"article\" \/>\n<meta property=\"og:title\" content=\"(BR) Entre em contato conosco e conhe\u00e7a o mam\u00e3o Sunset\" \/>\n<meta property=\"og:description\" content=\"(BR) Acesse os nossos pontos de contato para conversar com a nossa equipe e tirar d\u00favidas sobre a exporta\u00e7\u00e3o do mam\u00e3o Sunset. Confira!\" \/>\n<meta property=\"og:url\" content=\"https:\/\/papayasunset.com.br\/en\/contato\" \/>\n<meta property=\"og:site_name\" content=\"Sunset\" \/>\n<meta property=\"article:modified_time\" content=\"2021-07-22T18:31:52+00:00\" \/>\n<meta property=\"og:image\" content=\"https:\/\/papayasunset.com.br\/wp-content\/uploads\/2019\/09\/Banner-contato.jpg\" \/>\n\t<meta property=\"og:image:width\" content=\"1920\" \/>\n\t<meta property=\"og:image:height\" content=\"1205\" \/>\n\t<meta property=\"og:image:type\" content=\"image\/jpeg\" \/>\n<meta name=\"twitter:card\" content=\"summary_large_image\" \/>\n<meta name=\"twitter:label1\" content=\"Est. reading time\" \/>\n\t<meta name=\"twitter:data1\" content=\"1 minute\" \/>\n<script type=\"application\/ld+json\" class=\"yoast-schema-graph\">{\"@context\":\"https:\/\/schema.org\",\"@graph\":[{\"@type\":\"WebPage\",\"@id\":\"https:\/\/papayasunset.com.br\/en\/contato\",\"url\":\"https:\/\/papayasunset.com.br\/en\/contato\",\"name\":\"(BR) Entre em contato conosco e conhe\u00e7a o mam\u00e3o Sunset\",\"isPartOf\":{\"@id\":\"https:\/\/papayasunset.com.br\/#website\"},\"primaryImageOfPage\":{\"@id\":\"https:\/\/papayasunset.com.br\/en\/contato#primaryimage\"},\"image\":{\"@id\":\"https:\/\/papayasunset.com.br\/en\/contato#primaryimage\"},\"thumbnailUrl\":\"https:\/\/papayasunset.com.br\/wp-content\/uploads\/2019\/09\/Banner-contato.jpg\",\"datePublished\":\"2019-09-26T16:09:11+00:00\",\"dateModified\":\"2021-07-22T18:31:52+00:00\",\"description\":\"(BR) Acesse os nossos pontos de contato para conversar com a nossa equipe e tirar d\u00favidas sobre a exporta\u00e7\u00e3o do mam\u00e3o Sunset. Confira!\",\"breadcrumb\":{\"@id\":\"https:\/\/papayasunset.com.br\/en\/contato#breadcrumb\"},\"inLanguage\":\"en-US\",\"potentialAction\":[{\"@type\":\"ReadAction\",\"target\":[\"https:\/\/papayasunset.com.br\/en\/contato\"]}]},{\"@type\":\"ImageObject\",\"inLanguage\":\"en-US\",\"@id\":\"https:\/\/papayasunset.com.br\/en\/contato#primaryimage\",\"url\":\"https:\/\/papayasunset.com.br\/wp-content\/uploads\/2019\/09\/Banner-contato.jpg\",\"contentUrl\":\"https:\/\/papayasunset.com.br\/wp-content\/uploads\/2019\/09\/Banner-contato.jpg\",\"width\":1920,\"height\":1205},{\"@type\":\"BreadcrumbList\",\"@id\":\"https:\/\/papayasunset.com.br\/en\/contato#breadcrumb\",\"itemListElement\":[{\"@type\":\"ListItem\",\"position\":1,\"name\":\"Home\",\"item\":\"https:\/\/papayasunset.com.br\/\"},{\"@type\":\"ListItem\",\"position\":2,\"name\":\"Contact\"}]},{\"@type\":\"WebSite\",\"@id\":\"https:\/\/papayasunset.com.br\/#website\",\"url\":\"https:\/\/papayasunset.com.br\/\",\"name\":\"Sunset\",\"description\":\"Brazilian Fruit\",\"publisher\":{\"@id\":\"https:\/\/papayasunset.com.br\/#organization\"},\"potentialAction\":[{\"@type\":\"SearchAction\",\"target\":{\"@type\":\"EntryPoint\",\"urlTemplate\":\"https:\/\/papayasunset.com.br\/?s={search_term_string}\"},\"query-input\":{\"@type\":\"PropertyValueSpecification\",\"valueRequired\":true,\"valueName\":\"search_term_string\"}}],\"inLanguage\":\"en-US\"},{\"@type\":\"Organization\",\"@id\":\"https:\/\/papayasunset.com.br\/#organization\",\"name\":\"Sunset\",\"url\":\"https:\/\/papayasunset.com.br\/\",\"logo\":{\"@type\":\"ImageObject\",\"inLanguage\":\"en-US\",\"@id\":\"https:\/\/papayasunset.com.br\/#\/schema\/logo\/image\/\",\"url\":\"https:\/\/papayasunset.com.br\/wp-content\/uploads\/2019\/09\/Logo-Sunset.png\",\"contentUrl\":\"https:\/\/papayasunset.com.br\/wp-content\/uploads\/2019\/09\/Logo-Sunset.png\",\"width\":301,\"height\":212,\"caption\":\"Sunset\"},\"image\":{\"@id\":\"https:\/\/papayasunset.com.br\/#\/schema\/logo\/image\/\"}}]}<\/script>\n","yoast_head_json":{"title":"(BR) Entre em contato conosco e conhe\u00e7a o mam\u00e3o Sunset","description":"(BR) Acesse os nossos pontos de contato para conversar com a nossa equipe e tirar d\u00favidas sobre a exporta\u00e7\u00e3o do mam\u00e3o Sunset. Confira!","robots":{"index":"index","follow":"follow","max-snippet":"max-snippet:-1","max-image-preview":"max-image-preview:large","max-video-preview":"max-video-preview:-1"},"canonical":"https:\/\/papayasunset.com.br\/en\/contato","og_locale":"en_US","og_type":"article","og_title":"(BR) Entre em contato conosco e conhe\u00e7a o mam\u00e3o Sunset","og_description":"(BR) Acesse os nossos pontos de contato para conversar com a nossa equipe e tirar d\u00favidas sobre a exporta\u00e7\u00e3o do mam\u00e3o Sunset. Confira!","og_url":"https:\/\/papayasunset.com.br\/en\/contato","og_site_name":"Sunset","article_modified_time":"2021-07-22T18:31:52+00:00","og_image":[{"width":1920,"height":1205,"url":"https:\/\/papayasunset.com.br\/wp-content\/uploads\/2019\/09\/Banner-contato.jpg","type":"image\/jpeg"}],"twitter_card":"summary_large_image","twitter_misc":{"Est. reading time":"1 minute"},"schema":{"@context":"https:\/\/schema.org","@graph":[{"@type":"WebPage","@id":"https:\/\/papayasunset.com.br\/en\/contato","url":"https:\/\/papayasunset.com.br\/en\/contato","name":"(BR) Entre em contato conosco e conhe\u00e7a o mam\u00e3o Sunset","isPartOf":{"@id":"https:\/\/papayasunset.com.br\/#website"},"primaryImageOfPage":{"@id":"https:\/\/papayasunset.com.br\/en\/contato#primaryimage"},"image":{"@id":"https:\/\/papayasunset.com.br\/en\/contato#primaryimage"},"thumbnailUrl":"https:\/\/papayasunset.com.br\/wp-content\/uploads\/2019\/09\/Banner-contato.jpg","datePublished":"2019-09-26T16:09:11+00:00","dateModified":"2021-07-22T18:31:52+00:00","description":"(BR) Acesse os nossos pontos de contato para conversar com a nossa equipe e tirar d\u00favidas sobre a exporta\u00e7\u00e3o do mam\u00e3o Sunset. Confira!","breadcrumb":{"@id":"https:\/\/papayasunset.com.br\/en\/contato#breadcrumb"},"inLanguage":"en-US","potentialAction":[{"@type":"ReadAction","target":["https:\/\/papayasunset.com.br\/en\/contato"]}]},{"@type":"ImageObject","inLanguage":"en-US","@id":"https:\/\/papayasunset.com.br\/en\/contato#primaryimage","url":"https:\/\/papayasunset.com.br\/wp-content\/uploads\/2019\/09\/Banner-contato.jpg","contentUrl":"https:\/\/papayasunset.com.br\/wp-content\/uploads\/2019\/09\/Banner-contato.jpg","width":1920,"height":1205},{"@type":"BreadcrumbList","@id":"https:\/\/papayasunset.com.br\/en\/contato#breadcrumb","itemListElement":[{"@type":"ListItem","position":1,"name":"Home","item":"https:\/\/papayasunset.com.br\/"},{"@type":"ListItem","position":2,"name":"Contact"}]},{"@type":"WebSite","@id":"https:\/\/papayasunset.com.br\/#website","url":"https:\/\/papayasunset.com.br\/","name":"Sunset","description":"Brazilian Fruit","publisher":{"@id":"https:\/\/papayasunset.com.br\/#organization"},"potentialAction":[{"@type":"SearchAction","target":{"@type":"EntryPoint","urlTemplate":"https:\/\/papayasunset.com.br\/?s={search_term_string}"},"query-input":{"@type":"PropertyValueSpecification","valueRequired":true,"valueName":"search_term_string"}}],"inLanguage":"en-US"},{"@type":"Organization","@id":"https:\/\/papayasunset.com.br\/#organization","name":"Sunset","url":"https:\/\/papayasunset.com.br\/","logo":{"@type":"ImageObject","inLanguage":"en-US","@id":"https:\/\/papayasunset.com.br\/#\/schema\/logo\/image\/","url":"https:\/\/papayasunset.com.br\/wp-content\/uploads\/2019\/09\/Logo-Sunset.png","contentUrl":"https:\/\/papayasunset.com.br\/wp-content\/uploads\/2019\/09\/Logo-Sunset.png","width":301,"height":212,"caption":"Sunset"},"image":{"@id":"https:\/\/papayasunset.com.br\/#\/schema\/logo\/image\/"}}]}},"_links":{"self":[{"href":"https:\/\/papayasunset.com.br\/en\/wp-json\/wp\/v2\/pages\/17","targetHints":{"allow":["GET"]}}],"collection":[{"href":"https:\/\/papayasunset.com.br\/en\/wp-json\/wp\/v2\/pages"}],"about":[{"href":"https:\/\/papayasunset.com.br\/en\/wp-json\/wp\/v2\/types\/page"}],"author":[{"embeddable":true,"href":"https:\/\/papayasunset.com.br\/en\/wp-json\/wp\/v2\/users\/1"}],"replies":[{"embeddable":true,"href":"https:\/\/papayasunset.com.br\/en\/wp-json\/wp\/v2\/comments?post=17"}],"version-history":[{"count":8,"href":"https:\/\/papayasunset.com.br\/en\/wp-json\/wp\/v2\/pages\/17\/revisions"}],"predecessor-version":[{"id":378,"href":"https:\/\/papayasunset.com.br\/en\/wp-json\/wp\/v2\/pages\/17\/revisions\/378"}],"wp:featuredmedia":[{"embeddable":true,"href":"https:\/\/papayasunset.com.br\/en\/wp-json\/wp\/v2\/media\/188"}],"wp:attachment":[{"href":"https:\/\/papayasunset.com.br\/en\/wp-json\/wp\/v2\/media?parent=17"}],"curies":[{"name":"wp","href":"https:\/\/api.w.org\/{rel}","templated":true}]}}