{"id":7,"date":"2019-09-26T13:07:34","date_gmt":"2019-09-26T16:07:34","guid":{"rendered":"https:\/\/papayasunset.com.br\/?page_id=7"},"modified":"2021-09-14T08:08:12","modified_gmt":"2021-09-14T11:08:12","slug":"nossa-marca","status":"publish","type":"page","link":"https:\/\/papayasunset.com.br\/en\/nossa-marca","title":{"rendered":"Our brand"},"content":{"rendered":"<p>While the sun sets in the sky beyond the mountains, its light is reflected in the waters and heats up the Brazilian soil where the papaya tree grows. The constant vision of these blissful sights is part of the inspiration that originated this brand, so representative of the Brazilian identity.<\/p>\n<p>Love for the tropical climate, for the beautiful scenery and for the Brazilian way of welcoming all is the biggest component in Sunset&#8217;s DNA. We&#8217;ve conquered a place in the market precisely because we believe that &#8220;Brazilianness&#8221; is part of what makes us stand out.<\/p>\n<p>Our goal is showing the world what&#8217;s best about our home. What would be more appropriate than a super healthy food with a flavor unlike any other? That&#8217;s why we bet on papaya as our flagship to venture into international business.<\/p>\n<p>We believe that delivering the best of Brazilian fruit is our way of sharing with the world a little piece of the natural treasures that exist among the tropics.<\/p>","protected":false},"excerpt":{"rendered":"<p>History of Sunset<\/p>\n","protected":false},"author":1,"featured_media":199,"parent":0,"menu_order":1,"comment_status":"closed","ping_status":"closed","template":"page-nossa-marca.php","meta":{"footnotes":""},"class_list":["post-7","page","type-page","status-publish","has-post-thumbnail","hentry"],"yoast_head":"\n<title>Mam\u00e3o Sunset - Conhe\u00e7a o mam\u00e3o de natrueza brasileira<\/title>\n<meta name=\"description\" content=\"O mam\u00e3o Sunset carrega em seu DNA toda a brasilidade atrav\u00e9s do clima tropical e as belas paisagens. Conhe\u00e7a nosso mam\u00e3o de natrueza brasileira!\" \/>\n<meta name=\"robots\" content=\"index, follow, max-snippet:-1, max-image-preview:large, max-video-preview:-1\" \/>\n<link rel=\"canonical\" href=\"https:\/\/papayasunset.com.br\/nossa-marca\" \/>\n<meta property=\"og:locale\" content=\"en_US\" \/>\n<meta property=\"og:type\" content=\"article\" \/>\n<meta property=\"og:title\" content=\"Mam\u00e3o Sunset - Conhe\u00e7a o mam\u00e3o de natrueza brasileira\" \/>\n<meta property=\"og:description\" content=\"O mam\u00e3o Sunset carrega em seu DNA toda a brasilidade atrav\u00e9s do clima tropical e as belas paisagens. Conhe\u00e7a nosso mam\u00e3o de natrueza brasileira!\" \/>\n<meta property=\"og:url\" content=\"https:\/\/papayasunset.com.br\/nossa-marca\" \/>\n<meta property=\"og:site_name\" content=\"Sunset\" \/>\n<meta property=\"article:modified_time\" content=\"2021-09-14T11:08:12+00:00\" \/>\n<meta property=\"og:image\" content=\"https:\/\/papayasunset.com.br\/wp-content\/uploads\/2019\/10\/Nossa-Marca-bg-1.jpg\" \/>\n\t<meta property=\"og:image:width\" content=\"1753\" \/>\n\t<meta property=\"og:image:height\" content=\"1600\" \/>\n\t<meta property=\"og:image:type\" content=\"image\/jpeg\" \/>\n<meta name=\"twitter:card\" content=\"summary_large_image\" \/>\n<meta name=\"twitter:label1\" content=\"Est. reading time\" \/>\n\t<meta name=\"twitter:data1\" content=\"1 minute\" \/>\n<script type=\"application\/ld+json\" class=\"yoast-schema-graph\">{\"@context\":\"https:\/\/schema.org\",\"@graph\":[{\"@type\":\"WebPage\",\"@id\":\"https:\/\/papayasunset.com.br\/nossa-marca\",\"url\":\"https:\/\/papayasunset.com.br\/nossa-marca\",\"name\":\"Mam\u00e3o Sunset - Conhe\u00e7a o mam\u00e3o de natrueza brasileira\",\"isPartOf\":{\"@id\":\"https:\/\/papayasunset.com.br\/#website\"},\"primaryImageOfPage\":{\"@id\":\"https:\/\/papayasunset.com.br\/nossa-marca#primaryimage\"},\"image\":{\"@id\":\"https:\/\/papayasunset.com.br\/nossa-marca#primaryimage\"},\"thumbnailUrl\":\"https:\/\/papayasunset.com.br\/wp-content\/uploads\/2019\/10\/Nossa-Marca-bg-1.jpg\",\"datePublished\":\"2019-09-26T16:07:34+00:00\",\"dateModified\":\"2021-09-14T11:08:12+00:00\",\"description\":\"O mam\u00e3o Sunset carrega em seu DNA toda a brasilidade atrav\u00e9s do clima tropical e as belas paisagens. Conhe\u00e7a nosso mam\u00e3o de natrueza brasileira!\",\"breadcrumb\":{\"@id\":\"https:\/\/papayasunset.com.br\/nossa-marca#breadcrumb\"},\"inLanguage\":\"en-US\",\"potentialAction\":[{\"@type\":\"ReadAction\",\"target\":[\"https:\/\/papayasunset.com.br\/nossa-marca\"]}]},{\"@type\":\"ImageObject\",\"inLanguage\":\"en-US\",\"@id\":\"https:\/\/papayasunset.com.br\/nossa-marca#primaryimage\",\"url\":\"https:\/\/papayasunset.com.br\/wp-content\/uploads\/2019\/10\/Nossa-Marca-bg-1.jpg\",\"contentUrl\":\"https:\/\/papayasunset.com.br\/wp-content\/uploads\/2019\/10\/Nossa-Marca-bg-1.jpg\",\"width\":1753,\"height\":1600},{\"@type\":\"BreadcrumbList\",\"@id\":\"https:\/\/papayasunset.com.br\/nossa-marca#breadcrumb\",\"itemListElement\":[{\"@type\":\"ListItem\",\"position\":1,\"name\":\"Home\",\"item\":\"https:\/\/papayasunset.com.br\/\"},{\"@type\":\"ListItem\",\"position\":2,\"name\":\"Nossa marca\"}]},{\"@type\":\"WebSite\",\"@id\":\"https:\/\/papayasunset.com.br\/#website\",\"url\":\"https:\/\/papayasunset.com.br\/\",\"name\":\"Sunset\",\"description\":\"Brazilian Fruit\",\"publisher\":{\"@id\":\"https:\/\/papayasunset.com.br\/#organization\"},\"potentialAction\":[{\"@type\":\"SearchAction\",\"target\":{\"@type\":\"EntryPoint\",\"urlTemplate\":\"https:\/\/papayasunset.com.br\/?s={search_term_string}\"},\"query-input\":{\"@type\":\"PropertyValueSpecification\",\"valueRequired\":true,\"valueName\":\"search_term_string\"}}],\"inLanguage\":\"en-US\"},{\"@type\":\"Organization\",\"@id\":\"https:\/\/papayasunset.com.br\/#organization\",\"name\":\"Sunset\",\"url\":\"https:\/\/papayasunset.com.br\/\",\"logo\":{\"@type\":\"ImageObject\",\"inLanguage\":\"en-US\",\"@id\":\"https:\/\/papayasunset.com.br\/#\/schema\/logo\/image\/\",\"url\":\"https:\/\/papayasunset.com.br\/wp-content\/uploads\/2019\/09\/Logo-Sunset.png\",\"contentUrl\":\"https:\/\/papayasunset.com.br\/wp-content\/uploads\/2019\/09\/Logo-Sunset.png\",\"width\":301,\"height\":212,\"caption\":\"Sunset\"},\"image\":{\"@id\":\"https:\/\/papayasunset.com.br\/#\/schema\/logo\/image\/\"}}]}<\/script>\n","yoast_head_json":{"title":"Mam\u00e3o Sunset - Conhe\u00e7a o mam\u00e3o de natrueza brasileira","description":"O mam\u00e3o Sunset carrega em seu DNA toda a brasilidade atrav\u00e9s do clima tropical e as belas paisagens. Conhe\u00e7a nosso mam\u00e3o de natrueza brasileira!","robots":{"index":"index","follow":"follow","max-snippet":"max-snippet:-1","max-image-preview":"max-image-preview:large","max-video-preview":"max-video-preview:-1"},"canonical":"https:\/\/papayasunset.com.br\/nossa-marca","og_locale":"en_US","og_type":"article","og_title":"Mam\u00e3o Sunset - Conhe\u00e7a o mam\u00e3o de natrueza brasileira","og_description":"O mam\u00e3o Sunset carrega em seu DNA toda a brasilidade atrav\u00e9s do clima tropical e as belas paisagens. Conhe\u00e7a nosso mam\u00e3o de natrueza brasileira!","og_url":"https:\/\/papayasunset.com.br\/nossa-marca","og_site_name":"Sunset","article_modified_time":"2021-09-14T11:08:12+00:00","og_image":[{"width":1753,"height":1600,"url":"https:\/\/papayasunset.com.br\/wp-content\/uploads\/2019\/10\/Nossa-Marca-bg-1.jpg","type":"image\/jpeg"}],"twitter_card":"summary_large_image","twitter_misc":{"Est. reading time":"1 minute"},"schema":{"@context":"https:\/\/schema.org","@graph":[{"@type":"WebPage","@id":"https:\/\/papayasunset.com.br\/nossa-marca","url":"https:\/\/papayasunset.com.br\/nossa-marca","name":"Mam\u00e3o Sunset - Conhe\u00e7a o mam\u00e3o de natrueza brasileira","isPartOf":{"@id":"https:\/\/papayasunset.com.br\/#website"},"primaryImageOfPage":{"@id":"https:\/\/papayasunset.com.br\/nossa-marca#primaryimage"},"image":{"@id":"https:\/\/papayasunset.com.br\/nossa-marca#primaryimage"},"thumbnailUrl":"https:\/\/papayasunset.com.br\/wp-content\/uploads\/2019\/10\/Nossa-Marca-bg-1.jpg","datePublished":"2019-09-26T16:07:34+00:00","dateModified":"2021-09-14T11:08:12+00:00","description":"O mam\u00e3o Sunset carrega em seu DNA toda a brasilidade atrav\u00e9s do clima tropical e as belas paisagens. Conhe\u00e7a nosso mam\u00e3o de natrueza brasileira!","breadcrumb":{"@id":"https:\/\/papayasunset.com.br\/nossa-marca#breadcrumb"},"inLanguage":"en-US","potentialAction":[{"@type":"ReadAction","target":["https:\/\/papayasunset.com.br\/nossa-marca"]}]},{"@type":"ImageObject","inLanguage":"en-US","@id":"https:\/\/papayasunset.com.br\/nossa-marca#primaryimage","url":"https:\/\/papayasunset.com.br\/wp-content\/uploads\/2019\/10\/Nossa-Marca-bg-1.jpg","contentUrl":"https:\/\/papayasunset.com.br\/wp-content\/uploads\/2019\/10\/Nossa-Marca-bg-1.jpg","width":1753,"height":1600},{"@type":"BreadcrumbList","@id":"https:\/\/papayasunset.com.br\/nossa-marca#breadcrumb","itemListElement":[{"@type":"ListItem","position":1,"name":"Home","item":"https:\/\/papayasunset.com.br\/"},{"@type":"ListItem","position":2,"name":"Nossa marca"}]},{"@type":"WebSite","@id":"https:\/\/papayasunset.com.br\/#website","url":"https:\/\/papayasunset.com.br\/","name":"Sunset","description":"Brazilian Fruit","publisher":{"@id":"https:\/\/papayasunset.com.br\/#organization"},"potentialAction":[{"@type":"SearchAction","target":{"@type":"EntryPoint","urlTemplate":"https:\/\/papayasunset.com.br\/?s={search_term_string}"},"query-input":{"@type":"PropertyValueSpecification","valueRequired":true,"valueName":"search_term_string"}}],"inLanguage":"en-US"},{"@type":"Organization","@id":"https:\/\/papayasunset.com.br\/#organization","name":"Sunset","url":"https:\/\/papayasunset.com.br\/","logo":{"@type":"ImageObject","inLanguage":"en-US","@id":"https:\/\/papayasunset.com.br\/#\/schema\/logo\/image\/","url":"https:\/\/papayasunset.com.br\/wp-content\/uploads\/2019\/09\/Logo-Sunset.png","contentUrl":"https:\/\/papayasunset.com.br\/wp-content\/uploads\/2019\/09\/Logo-Sunset.png","width":301,"height":212,"caption":"Sunset"},"image":{"@id":"https:\/\/papayasunset.com.br\/#\/schema\/logo\/image\/"}}]}},"_links":{"self":[{"href":"https:\/\/papayasunset.com.br\/en\/wp-json\/wp\/v2\/pages\/7","targetHints":{"allow":["GET"]}}],"collection":[{"href":"https:\/\/papayasunset.com.br\/en\/wp-json\/wp\/v2\/pages"}],"about":[{"href":"https:\/\/papayasunset.com.br\/en\/wp-json\/wp\/v2\/types\/page"}],"author":[{"embeddable":true,"href":"https:\/\/papayasunset.com.br\/en\/wp-json\/wp\/v2\/users\/1"}],"replies":[{"embeddable":true,"href":"https:\/\/papayasunset.com.br\/en\/wp-json\/wp\/v2\/comments?post=7"}],"version-history":[{"count":8,"href":"https:\/\/papayasunset.com.br\/en\/wp-json\/wp\/v2\/pages\/7\/revisions"}],"predecessor-version":[{"id":380,"href":"https:\/\/papayasunset.com.br\/en\/wp-json\/wp\/v2\/pages\/7\/revisions\/380"}],"wp:featuredmedia":[{"embeddable":true,"href":"https:\/\/papayasunset.com.br\/en\/wp-json\/wp\/v2\/media\/199"}],"wp:attachment":[{"href":"https:\/\/papayasunset.com.br\/en\/wp-json\/wp\/v2\/media?parent=7"}],"curies":[{"name":"wp","href":"https:\/\/api.w.org\/{rel}","templated":true}]}}