{"id":10,"date":"2019-09-26T13:07:58","date_gmt":"2019-09-26T16:07:58","guid":{"rendered":"https:\/\/papayasunset.com.br\/?page_id=10"},"modified":"2025-03-20T20:09:07","modified_gmt":"2025-03-20T23:09:07","slug":"produtos","status":"publish","type":"page","link":"https:\/\/papayasunset.com.br\/es\/produtos","title":{"rendered":"Productos"},"content":{"rendered":"<p>Los productos de Sunset son el resultado del trabajo de una naci\u00f3n. Cada papaya cultivada en Brasil lleva un poco de nuestra cultura e historias. Por eso trabajamos doblemente para que la calidad de esta papaya est\u00e9 a la altura y as\u00ed los productos Sunset nos representen bien en todas partes.<\/p>\n<p>La papaya que distribuimos se cultiva en dos municipios brasile\u00f1os: Linhares, en el estado de Esp\u00edrito Santo, en la regi\u00f3n sureste del pa\u00eds, y Bara\u00fana, en el estado de Rio Grande do Norte, en la regi\u00f3n noreste de Brasil. Aportamos a nuestros productores asociados las normas internacionales de la agricultura integrada, que eleva la calidad de su producci\u00f3n, garantiza t\u00e9cnicas de cultivo m\u00e1s sostenibles y el respeto a los trabajadores y consumidores.<\/p>\n<p>Las papayas Sunset se presentan en las variedades Golden y Formosa, ambas con excelente productividad en el clima y suelo brasile\u00f1o, presentando las mismas ventajas en su consumo.<\/p>","protected":false},"excerpt":{"rendered":"<p>Los productos de Sunset son el resultado del trabajo de una naci\u00f3n. Cada papaya cultivada en Brasil lleva un poco de nuestra cultura e historias. Por eso trabajamos doblemente para que la calidad de esta papaya est\u00e9 a la altura y as\u00ed los productos Sunset nos representen bien en todas partes. La papaya que distribuimos [&hellip;]<\/p>\n","protected":false},"author":1,"featured_media":264,"parent":0,"menu_order":2,"comment_status":"closed","ping_status":"closed","template":"page-produtos.php","meta":{"footnotes":""},"class_list":["post-10","page","type-page","status-publish","has-post-thumbnail","hentry"],"yoast_head":"\n<title>(BR) Produtos Sunset: mam\u00e3o de natureza brasileira - Exporta\u00e7\u00e3o Interfruit<\/title>\n<meta name=\"description\" content=\"(BR) Os produtos Sunset, nas varia\u00e7\u00f5es Golden e Formosa, contam com a produtividade de excel\u00eancia no clima e solo brasileiros. Conhe\u00e7a nossos produtos!\" \/>\n<meta name=\"robots\" content=\"index, follow, max-snippet:-1, max-image-preview:large, max-video-preview:-1\" \/>\n<link rel=\"canonical\" href=\"https:\/\/papayasunset.com.br\/en\/produtos\" \/>\n<meta property=\"og:locale\" content=\"es_ES\" \/>\n<meta property=\"og:type\" content=\"article\" \/>\n<meta property=\"og:title\" content=\"(BR) Produtos Sunset: mam\u00e3o de natureza brasileira - Exporta\u00e7\u00e3o Interfruit\" \/>\n<meta property=\"og:description\" content=\"(BR) Os produtos Sunset, nas varia\u00e7\u00f5es Golden e Formosa, contam com a produtividade de excel\u00eancia no clima e solo brasileiros. Conhe\u00e7a nossos produtos!\" \/>\n<meta property=\"og:url\" content=\"https:\/\/papayasunset.com.br\/en\/produtos\" \/>\n<meta property=\"og:site_name\" content=\"Sunset\" \/>\n<meta property=\"article:modified_time\" content=\"2025-03-20T23:09:07+00:00\" \/>\n<meta property=\"og:image\" content=\"https:\/\/papayasunset.com.br\/wp-content\/uploads\/2021\/02\/Banner__Produtos.jpg\" \/>\n\t<meta property=\"og:image:width\" content=\"1920\" \/>\n\t<meta property=\"og:image:height\" content=\"1120\" \/>\n\t<meta property=\"og:image:type\" content=\"image\/jpeg\" \/>\n<meta name=\"twitter:card\" content=\"summary_large_image\" \/>\n<meta name=\"twitter:label1\" content=\"Tiempo de lectura\" \/>\n\t<meta name=\"twitter:data1\" content=\"1 minuto\" \/>\n<script type=\"application\/ld+json\" class=\"yoast-schema-graph\">{\"@context\":\"https:\/\/schema.org\",\"@graph\":[{\"@type\":\"WebPage\",\"@id\":\"https:\/\/papayasunset.com.br\/en\/produtos\",\"url\":\"https:\/\/papayasunset.com.br\/en\/produtos\",\"name\":\"(BR) Produtos Sunset: mam\u00e3o de natureza brasileira - Exporta\u00e7\u00e3o Interfruit\",\"isPartOf\":{\"@id\":\"https:\/\/papayasunset.com.br\/#website\"},\"primaryImageOfPage\":{\"@id\":\"https:\/\/papayasunset.com.br\/en\/produtos#primaryimage\"},\"image\":{\"@id\":\"https:\/\/papayasunset.com.br\/en\/produtos#primaryimage\"},\"thumbnailUrl\":\"https:\/\/papayasunset.com.br\/wp-content\/uploads\/2021\/02\/Banner__Produtos.jpg\",\"datePublished\":\"2019-09-26T16:07:58+00:00\",\"dateModified\":\"2025-03-20T23:09:07+00:00\",\"description\":\"(BR) Os produtos Sunset, nas varia\u00e7\u00f5es Golden e Formosa, contam com a produtividade de excel\u00eancia no clima e solo brasileiros. Conhe\u00e7a nossos produtos!\",\"breadcrumb\":{\"@id\":\"https:\/\/papayasunset.com.br\/en\/produtos#breadcrumb\"},\"inLanguage\":\"es\",\"potentialAction\":[{\"@type\":\"ReadAction\",\"target\":[\"https:\/\/papayasunset.com.br\/en\/produtos\"]}]},{\"@type\":\"ImageObject\",\"inLanguage\":\"es\",\"@id\":\"https:\/\/papayasunset.com.br\/en\/produtos#primaryimage\",\"url\":\"https:\/\/papayasunset.com.br\/wp-content\/uploads\/2021\/02\/Banner__Produtos.jpg\",\"contentUrl\":\"https:\/\/papayasunset.com.br\/wp-content\/uploads\/2021\/02\/Banner__Produtos.jpg\",\"width\":1920,\"height\":1120},{\"@type\":\"BreadcrumbList\",\"@id\":\"https:\/\/papayasunset.com.br\/en\/produtos#breadcrumb\",\"itemListElement\":[{\"@type\":\"ListItem\",\"position\":1,\"name\":\"Home\",\"item\":\"https:\/\/papayasunset.com.br\/\"},{\"@type\":\"ListItem\",\"position\":2,\"name\":\"Products\"}]},{\"@type\":\"WebSite\",\"@id\":\"https:\/\/papayasunset.com.br\/#website\",\"url\":\"https:\/\/papayasunset.com.br\/\",\"name\":\"Sunset\",\"description\":\"Brazilian Fruit\",\"publisher\":{\"@id\":\"https:\/\/papayasunset.com.br\/#organization\"},\"potentialAction\":[{\"@type\":\"SearchAction\",\"target\":{\"@type\":\"EntryPoint\",\"urlTemplate\":\"https:\/\/papayasunset.com.br\/?s={search_term_string}\"},\"query-input\":{\"@type\":\"PropertyValueSpecification\",\"valueRequired\":true,\"valueName\":\"search_term_string\"}}],\"inLanguage\":\"es\"},{\"@type\":\"Organization\",\"@id\":\"https:\/\/papayasunset.com.br\/#organization\",\"name\":\"Sunset\",\"url\":\"https:\/\/papayasunset.com.br\/\",\"logo\":{\"@type\":\"ImageObject\",\"inLanguage\":\"es\",\"@id\":\"https:\/\/papayasunset.com.br\/#\/schema\/logo\/image\/\",\"url\":\"https:\/\/papayasunset.com.br\/wp-content\/uploads\/2019\/09\/Logo-Sunset.png\",\"contentUrl\":\"https:\/\/papayasunset.com.br\/wp-content\/uploads\/2019\/09\/Logo-Sunset.png\",\"width\":301,\"height\":212,\"caption\":\"Sunset\"},\"image\":{\"@id\":\"https:\/\/papayasunset.com.br\/#\/schema\/logo\/image\/\"}}]}<\/script>\n","yoast_head_json":{"title":"(BR) Produtos Sunset: mam\u00e3o de natureza brasileira - Exporta\u00e7\u00e3o Interfruit","description":"(BR) Os produtos Sunset, nas varia\u00e7\u00f5es Golden e Formosa, contam com a produtividade de excel\u00eancia no clima e solo brasileiros. Conhe\u00e7a nossos produtos!","robots":{"index":"index","follow":"follow","max-snippet":"max-snippet:-1","max-image-preview":"max-image-preview:large","max-video-preview":"max-video-preview:-1"},"canonical":"https:\/\/papayasunset.com.br\/en\/produtos","og_locale":"es_ES","og_type":"article","og_title":"(BR) Produtos Sunset: mam\u00e3o de natureza brasileira - Exporta\u00e7\u00e3o Interfruit","og_description":"(BR) Os produtos Sunset, nas varia\u00e7\u00f5es Golden e Formosa, contam com a produtividade de excel\u00eancia no clima e solo brasileiros. Conhe\u00e7a nossos produtos!","og_url":"https:\/\/papayasunset.com.br\/en\/produtos","og_site_name":"Sunset","article_modified_time":"2025-03-20T23:09:07+00:00","og_image":[{"width":1920,"height":1120,"url":"https:\/\/papayasunset.com.br\/wp-content\/uploads\/2021\/02\/Banner__Produtos.jpg","type":"image\/jpeg"}],"twitter_card":"summary_large_image","twitter_misc":{"Tiempo de lectura":"1 minuto"},"schema":{"@context":"https:\/\/schema.org","@graph":[{"@type":"WebPage","@id":"https:\/\/papayasunset.com.br\/en\/produtos","url":"https:\/\/papayasunset.com.br\/en\/produtos","name":"(BR) Produtos Sunset: mam\u00e3o de natureza brasileira - Exporta\u00e7\u00e3o Interfruit","isPartOf":{"@id":"https:\/\/papayasunset.com.br\/#website"},"primaryImageOfPage":{"@id":"https:\/\/papayasunset.com.br\/en\/produtos#primaryimage"},"image":{"@id":"https:\/\/papayasunset.com.br\/en\/produtos#primaryimage"},"thumbnailUrl":"https:\/\/papayasunset.com.br\/wp-content\/uploads\/2021\/02\/Banner__Produtos.jpg","datePublished":"2019-09-26T16:07:58+00:00","dateModified":"2025-03-20T23:09:07+00:00","description":"(BR) Os produtos Sunset, nas varia\u00e7\u00f5es Golden e Formosa, contam com a produtividade de excel\u00eancia no clima e solo brasileiros. Conhe\u00e7a nossos produtos!","breadcrumb":{"@id":"https:\/\/papayasunset.com.br\/en\/produtos#breadcrumb"},"inLanguage":"es","potentialAction":[{"@type":"ReadAction","target":["https:\/\/papayasunset.com.br\/en\/produtos"]}]},{"@type":"ImageObject","inLanguage":"es","@id":"https:\/\/papayasunset.com.br\/en\/produtos#primaryimage","url":"https:\/\/papayasunset.com.br\/wp-content\/uploads\/2021\/02\/Banner__Produtos.jpg","contentUrl":"https:\/\/papayasunset.com.br\/wp-content\/uploads\/2021\/02\/Banner__Produtos.jpg","width":1920,"height":1120},{"@type":"BreadcrumbList","@id":"https:\/\/papayasunset.com.br\/en\/produtos#breadcrumb","itemListElement":[{"@type":"ListItem","position":1,"name":"Home","item":"https:\/\/papayasunset.com.br\/"},{"@type":"ListItem","position":2,"name":"Products"}]},{"@type":"WebSite","@id":"https:\/\/papayasunset.com.br\/#website","url":"https:\/\/papayasunset.com.br\/","name":"Sunset","description":"Brazilian Fruit","publisher":{"@id":"https:\/\/papayasunset.com.br\/#organization"},"potentialAction":[{"@type":"SearchAction","target":{"@type":"EntryPoint","urlTemplate":"https:\/\/papayasunset.com.br\/?s={search_term_string}"},"query-input":{"@type":"PropertyValueSpecification","valueRequired":true,"valueName":"search_term_string"}}],"inLanguage":"es"},{"@type":"Organization","@id":"https:\/\/papayasunset.com.br\/#organization","name":"Sunset","url":"https:\/\/papayasunset.com.br\/","logo":{"@type":"ImageObject","inLanguage":"es","@id":"https:\/\/papayasunset.com.br\/#\/schema\/logo\/image\/","url":"https:\/\/papayasunset.com.br\/wp-content\/uploads\/2019\/09\/Logo-Sunset.png","contentUrl":"https:\/\/papayasunset.com.br\/wp-content\/uploads\/2019\/09\/Logo-Sunset.png","width":301,"height":212,"caption":"Sunset"},"image":{"@id":"https:\/\/papayasunset.com.br\/#\/schema\/logo\/image\/"}}]}},"_links":{"self":[{"href":"https:\/\/papayasunset.com.br\/es\/wp-json\/wp\/v2\/pages\/10","targetHints":{"allow":["GET"]}}],"collection":[{"href":"https:\/\/papayasunset.com.br\/es\/wp-json\/wp\/v2\/pages"}],"about":[{"href":"https:\/\/papayasunset.com.br\/es\/wp-json\/wp\/v2\/types\/page"}],"author":[{"embeddable":true,"href":"https:\/\/papayasunset.com.br\/es\/wp-json\/wp\/v2\/users\/1"}],"replies":[{"embeddable":true,"href":"https:\/\/papayasunset.com.br\/es\/wp-json\/wp\/v2\/comments?post=10"}],"version-history":[{"count":9,"href":"https:\/\/papayasunset.com.br\/es\/wp-json\/wp\/v2\/pages\/10\/revisions"}],"predecessor-version":[{"id":342,"href":"https:\/\/papayasunset.com.br\/es\/wp-json\/wp\/v2\/pages\/10\/revisions\/342"}],"wp:featuredmedia":[{"embeddable":true,"href":"https:\/\/papayasunset.com.br\/es\/wp-json\/wp\/v2\/media\/264"}],"wp:attachment":[{"href":"https:\/\/papayasunset.com.br\/es\/wp-json\/wp\/v2\/media?parent=10"}],"curies":[{"name":"wp","href":"https:\/\/api.w.org\/{rel}","templated":true}]}}