{"id":127,"date":"2019-09-30T13:36:58","date_gmt":"2019-09-30T16:36:58","guid":{"rendered":"https:\/\/papayasunset.com.br\/?page_id=127"},"modified":"2021-06-04T11:23:20","modified_gmt":"2021-06-04T14:23:20","slug":"mamao-golden","status":"publish","type":"page","link":"https:\/\/papayasunset.com.br\/es\/produtos\/mamao-golden","title":{"rendered":"Papaya Golden Brasile\u00f1a"},"content":{"rendered":"<p>Fruta producida a gran escala en Brasil, la variedad de papaya Golden se caracteriza por la sutileza de su sabor, todav\u00eda dulce. Este tipo de papaya se desarroll\u00f3 aqu\u00ed mismo, en Brasil, a partir de 1972.<\/p>\n<p>Con el paso del tiempo, la fruta fue ganando el favoritismo de los brasile\u00f1os, por lo que esta variedad tambi\u00e9n se conoce simplemente como papaya o Haw\u00e1i, nombres comunes para todas las papayas de origen Solo. Desde entonces, se han hecho muchos descubrimientos sobre el potencial que esta fruta tropical contiene: desde ventajas nutricionales en la dieta hasta la prevenci\u00f3n de enfermedades.<\/p>\n<p>La papaya Golden es una variedad de papaya t\u00edpicamente peque\u00f1a, de 20 cm de ancho y unos 750 g de peso. A pesar de ser peque\u00f1a, este tipo de papaya es muy rica en vitamina C, un nutriente que act\u00faa directamente sobre el sistema inmunitario y la recuperaci\u00f3n del col\u00e1geno. Adem\u00e1s, tambi\u00e9n contiene vitamina A, el calcio, el hierro y el potasio por esto la preferencia de consumo en sus admiradores.<\/p>","protected":false},"excerpt":{"rendered":"<p>Descubra los centros de producci\u00f3n de papaya en Brasil<\/p>\n","protected":false},"author":1,"featured_media":270,"parent":10,"menu_order":0,"comment_status":"closed","ping_status":"closed","template":"page-template-mamao.php","meta":{"footnotes":""},"class_list":["post-127","page","type-page","status-publish","has-post-thumbnail","hentry"],"yoast_head":"\n<title>Papaya Golden Brasile\u00f1a - Sunset<\/title>\n<meta name=\"robots\" content=\"index, follow, max-snippet:-1, max-image-preview:large, max-video-preview:-1\" \/>\n<link rel=\"canonical\" href=\"https:\/\/papayasunset.com.br\/en\/produtos\/mamao-golden\" \/>\n<meta property=\"og:locale\" content=\"es_ES\" \/>\n<meta property=\"og:type\" content=\"article\" \/>\n<meta property=\"og:title\" content=\"Papaya Golden Brasile\u00f1a - Sunset\" \/>\n<meta property=\"og:description\" content=\"Descubra los centros de producci\u00f3n de papaya en Brasil\" \/>\n<meta property=\"og:url\" content=\"https:\/\/papayasunset.com.br\/en\/produtos\/mamao-golden\" \/>\n<meta property=\"og:site_name\" content=\"Sunset\" \/>\n<meta property=\"article:modified_time\" content=\"2021-06-04T14:23:20+00:00\" \/>\n<meta property=\"og:image\" content=\"https:\/\/papayasunset.com.br\/wp-content\/uploads\/2021\/02\/Banner__Produtos__Golden.jpg\" \/>\n\t<meta property=\"og:image:width\" content=\"1920\" \/>\n\t<meta property=\"og:image:height\" content=\"1101\" \/>\n\t<meta property=\"og:image:type\" content=\"image\/jpeg\" \/>\n<meta name=\"twitter:card\" content=\"summary_large_image\" \/>\n<meta name=\"twitter:label1\" content=\"Tiempo de lectura\" \/>\n\t<meta name=\"twitter:data1\" content=\"1 minuto\" \/>\n<script type=\"application\/ld+json\" class=\"yoast-schema-graph\">{\"@context\":\"https:\/\/schema.org\",\"@graph\":[{\"@type\":\"WebPage\",\"@id\":\"https:\/\/papayasunset.com.br\/en\/produtos\/mamao-golden\",\"url\":\"https:\/\/papayasunset.com.br\/en\/produtos\/mamao-golden\",\"name\":\"[:pb]Mam\u00e3o Golden brasileiro[:en]Brazilian Golden papaya[:es]Papaya Golden Brasile\u00f1a[:] - Sunset\",\"isPartOf\":{\"@id\":\"https:\/\/papayasunset.com.br\/#website\"},\"primaryImageOfPage\":{\"@id\":\"https:\/\/papayasunset.com.br\/en\/produtos\/mamao-golden#primaryimage\"},\"image\":{\"@id\":\"https:\/\/papayasunset.com.br\/en\/produtos\/mamao-golden#primaryimage\"},\"thumbnailUrl\":\"https:\/\/papayasunset.com.br\/wp-content\/uploads\/2021\/02\/Banner__Produtos__Golden.jpg\",\"datePublished\":\"2019-09-30T16:36:58+00:00\",\"dateModified\":\"2021-06-04T14:23:20+00:00\",\"breadcrumb\":{\"@id\":\"https:\/\/papayasunset.com.br\/en\/produtos\/mamao-golden#breadcrumb\"},\"inLanguage\":\"es\",\"potentialAction\":[{\"@type\":\"ReadAction\",\"target\":[\"https:\/\/papayasunset.com.br\/en\/produtos\/mamao-golden\"]}]},{\"@type\":\"ImageObject\",\"inLanguage\":\"es\",\"@id\":\"https:\/\/papayasunset.com.br\/en\/produtos\/mamao-golden#primaryimage\",\"url\":\"https:\/\/papayasunset.com.br\/wp-content\/uploads\/2021\/02\/Banner__Produtos__Golden.jpg\",\"contentUrl\":\"https:\/\/papayasunset.com.br\/wp-content\/uploads\/2021\/02\/Banner__Produtos__Golden.jpg\",\"width\":1920,\"height\":1101},{\"@type\":\"BreadcrumbList\",\"@id\":\"https:\/\/papayasunset.com.br\/en\/produtos\/mamao-golden#breadcrumb\",\"itemListElement\":[{\"@type\":\"ListItem\",\"position\":1,\"name\":\"Home\",\"item\":\"https:\/\/papayasunset.com.br\/\"},{\"@type\":\"ListItem\",\"position\":2,\"name\":\"Products\",\"item\":\"https:\/\/papayasunset.com.br\/en\/produtos\"},{\"@type\":\"ListItem\",\"position\":3,\"name\":\"Brazilian Golden papaya\"}]},{\"@type\":\"WebSite\",\"@id\":\"https:\/\/papayasunset.com.br\/#website\",\"url\":\"https:\/\/papayasunset.com.br\/\",\"name\":\"Sunset\",\"description\":\"Brazilian Fruit\",\"publisher\":{\"@id\":\"https:\/\/papayasunset.com.br\/#organization\"},\"potentialAction\":[{\"@type\":\"SearchAction\",\"target\":{\"@type\":\"EntryPoint\",\"urlTemplate\":\"https:\/\/papayasunset.com.br\/?s={search_term_string}\"},\"query-input\":{\"@type\":\"PropertyValueSpecification\",\"valueRequired\":true,\"valueName\":\"search_term_string\"}}],\"inLanguage\":\"es\"},{\"@type\":\"Organization\",\"@id\":\"https:\/\/papayasunset.com.br\/#organization\",\"name\":\"Sunset\",\"url\":\"https:\/\/papayasunset.com.br\/\",\"logo\":{\"@type\":\"ImageObject\",\"inLanguage\":\"es\",\"@id\":\"https:\/\/papayasunset.com.br\/#\/schema\/logo\/image\/\",\"url\":\"https:\/\/papayasunset.com.br\/wp-content\/uploads\/2019\/09\/Logo-Sunset.png\",\"contentUrl\":\"https:\/\/papayasunset.com.br\/wp-content\/uploads\/2019\/09\/Logo-Sunset.png\",\"width\":301,\"height\":212,\"caption\":\"Sunset\"},\"image\":{\"@id\":\"https:\/\/papayasunset.com.br\/#\/schema\/logo\/image\/\"}}]}<\/script>\n","yoast_head_json":{"title":"Papaya Golden Brasile\u00f1a - Sunset","robots":{"index":"index","follow":"follow","max-snippet":"max-snippet:-1","max-image-preview":"max-image-preview:large","max-video-preview":"max-video-preview:-1"},"canonical":"https:\/\/papayasunset.com.br\/en\/produtos\/mamao-golden","og_locale":"es_ES","og_type":"article","og_title":"Papaya Golden Brasile\u00f1a - Sunset","og_description":"Descubra los centros de producci\u00f3n de papaya en Brasil","og_url":"https:\/\/papayasunset.com.br\/en\/produtos\/mamao-golden","og_site_name":"Sunset","article_modified_time":"2021-06-04T14:23:20+00:00","og_image":[{"width":1920,"height":1101,"url":"https:\/\/papayasunset.com.br\/wp-content\/uploads\/2021\/02\/Banner__Produtos__Golden.jpg","type":"image\/jpeg"}],"twitter_card":"summary_large_image","twitter_misc":{"Tiempo de lectura":"1 minuto"},"schema":{"@context":"https:\/\/schema.org","@graph":[{"@type":"WebPage","@id":"https:\/\/papayasunset.com.br\/en\/produtos\/mamao-golden","url":"https:\/\/papayasunset.com.br\/en\/produtos\/mamao-golden","name":"[:pb]Mam\u00e3o Golden brasileiro[:en]Brazilian Golden papaya[:es]Papaya Golden Brasile\u00f1a[:] - Sunset","isPartOf":{"@id":"https:\/\/papayasunset.com.br\/#website"},"primaryImageOfPage":{"@id":"https:\/\/papayasunset.com.br\/en\/produtos\/mamao-golden#primaryimage"},"image":{"@id":"https:\/\/papayasunset.com.br\/en\/produtos\/mamao-golden#primaryimage"},"thumbnailUrl":"https:\/\/papayasunset.com.br\/wp-content\/uploads\/2021\/02\/Banner__Produtos__Golden.jpg","datePublished":"2019-09-30T16:36:58+00:00","dateModified":"2021-06-04T14:23:20+00:00","breadcrumb":{"@id":"https:\/\/papayasunset.com.br\/en\/produtos\/mamao-golden#breadcrumb"},"inLanguage":"es","potentialAction":[{"@type":"ReadAction","target":["https:\/\/papayasunset.com.br\/en\/produtos\/mamao-golden"]}]},{"@type":"ImageObject","inLanguage":"es","@id":"https:\/\/papayasunset.com.br\/en\/produtos\/mamao-golden#primaryimage","url":"https:\/\/papayasunset.com.br\/wp-content\/uploads\/2021\/02\/Banner__Produtos__Golden.jpg","contentUrl":"https:\/\/papayasunset.com.br\/wp-content\/uploads\/2021\/02\/Banner__Produtos__Golden.jpg","width":1920,"height":1101},{"@type":"BreadcrumbList","@id":"https:\/\/papayasunset.com.br\/en\/produtos\/mamao-golden#breadcrumb","itemListElement":[{"@type":"ListItem","position":1,"name":"Home","item":"https:\/\/papayasunset.com.br\/"},{"@type":"ListItem","position":2,"name":"Products","item":"https:\/\/papayasunset.com.br\/en\/produtos"},{"@type":"ListItem","position":3,"name":"Brazilian Golden papaya"}]},{"@type":"WebSite","@id":"https:\/\/papayasunset.com.br\/#website","url":"https:\/\/papayasunset.com.br\/","name":"Sunset","description":"Brazilian Fruit","publisher":{"@id":"https:\/\/papayasunset.com.br\/#organization"},"potentialAction":[{"@type":"SearchAction","target":{"@type":"EntryPoint","urlTemplate":"https:\/\/papayasunset.com.br\/?s={search_term_string}"},"query-input":{"@type":"PropertyValueSpecification","valueRequired":true,"valueName":"search_term_string"}}],"inLanguage":"es"},{"@type":"Organization","@id":"https:\/\/papayasunset.com.br\/#organization","name":"Sunset","url":"https:\/\/papayasunset.com.br\/","logo":{"@type":"ImageObject","inLanguage":"es","@id":"https:\/\/papayasunset.com.br\/#\/schema\/logo\/image\/","url":"https:\/\/papayasunset.com.br\/wp-content\/uploads\/2019\/09\/Logo-Sunset.png","contentUrl":"https:\/\/papayasunset.com.br\/wp-content\/uploads\/2019\/09\/Logo-Sunset.png","width":301,"height":212,"caption":"Sunset"},"image":{"@id":"https:\/\/papayasunset.com.br\/#\/schema\/logo\/image\/"}}]}},"_links":{"self":[{"href":"https:\/\/papayasunset.com.br\/es\/wp-json\/wp\/v2\/pages\/127","targetHints":{"allow":["GET"]}}],"collection":[{"href":"https:\/\/papayasunset.com.br\/es\/wp-json\/wp\/v2\/pages"}],"about":[{"href":"https:\/\/papayasunset.com.br\/es\/wp-json\/wp\/v2\/types\/page"}],"author":[{"embeddable":true,"href":"https:\/\/papayasunset.com.br\/es\/wp-json\/wp\/v2\/users\/1"}],"replies":[{"embeddable":true,"href":"https:\/\/papayasunset.com.br\/es\/wp-json\/wp\/v2\/comments?post=127"}],"version-history":[{"count":7,"href":"https:\/\/papayasunset.com.br\/es\/wp-json\/wp\/v2\/pages\/127\/revisions"}],"predecessor-version":[{"id":367,"href":"https:\/\/papayasunset.com.br\/es\/wp-json\/wp\/v2\/pages\/127\/revisions\/367"}],"up":[{"embeddable":true,"href":"https:\/\/papayasunset.com.br\/es\/wp-json\/wp\/v2\/pages\/10"}],"wp:featuredmedia":[{"embeddable":true,"href":"https:\/\/papayasunset.com.br\/es\/wp-json\/wp\/v2\/media\/270"}],"wp:attachment":[{"href":"https:\/\/papayasunset.com.br\/es\/wp-json\/wp\/v2\/media?parent=127"}],"curies":[{"name":"wp","href":"https:\/\/api.w.org\/{rel}","templated":true}]}}