{"id":15,"date":"2019-09-26T13:08:57","date_gmt":"2019-09-26T16:08:57","guid":{"rendered":"https:\/\/papayasunset.com.br\/?page_id=15"},"modified":"2021-05-27T11:23:35","modified_gmt":"2021-05-27T14:23:35","slug":"exportadora-de-mamao","status":"publish","type":"page","link":"https:\/\/papayasunset.com.br\/es\/exportadora-de-mamao","title":{"rendered":"Exportadora"},"content":{"rendered":"<p>Cada punto de nuestro trabajo tiene el objetivo de valorizar el producto brasile\u00f1o en el mundo a trav\u00e9s de la exportaci\u00f3n. Adem\u00e1s, aliados a esta misi\u00f3n, est\u00e1n presentes en cada paso de la producci\u00f3n de papaya el compromiso con el medio ambiente y los m\u00e9todos sostenibles. Una forma de destacar el cuidado de la producci\u00f3n de papaya brasile\u00f1a ante otros pa\u00edses.<\/p>\n<p>Toda la producci\u00f3n de nuestra papaya empieza en los estados de Esp\u00edrito Santo y Rio Grande del Norte. La cosecha, la separaci\u00f3n, el tratamiento y el transporte son pasos esenciales. Pero para que haya calidad en el producto final, tenemos, en primer lugar, la preocupaci\u00f3n de querer y cuidar a las personas responsables de todo el proceso. Por ello, nuestros productores siguen normas espec\u00edficas de agricultura integrada y nuestros procesos de exportaci\u00f3n se ajustan siempre a los elevados est\u00e1ndares internacionales.<\/p>\n<p>Por estas y otras razones, las papayas de Sunset llegan sanas y salvas a m\u00e1s de 15 pa\u00edses de destino, repartidos en tres continentes.<\/p>","protected":false},"excerpt":{"rendered":"<p>Cada punto de nuestro trabajo tiene el objetivo de valorizar el producto brasile\u00f1o en el mundo a trav\u00e9s de la exportaci\u00f3n. Adem\u00e1s, aliados a esta misi\u00f3n, est\u00e1n presentes en cada paso de la producci\u00f3n de papaya el compromiso con el medio ambiente y los m\u00e9todos sostenibles. Una forma de destacar el cuidado de la producci\u00f3n [&hellip;]<\/p>\n","protected":false},"author":1,"featured_media":273,"parent":0,"menu_order":4,"comment_status":"closed","ping_status":"closed","template":"page-exportadora.php","meta":{"footnotes":""},"class_list":["post-15","page","type-page","status-publish","has-post-thumbnail","hentry"],"yoast_head":"\n<title>Exportadora de mam\u00e3o - Sunset | De natureza brasileira<\/title>\n<meta name=\"description\" content=\"Como exportadora de mam\u00e3o Sunset, cuidamos para que os nossos produtos cheguem em seguran\u00e7a e qualidade at\u00e9 os mais de 10 pa\u00edses de destino. Conhe\u00e7a!\" \/>\n<meta name=\"robots\" content=\"index, follow, max-snippet:-1, max-image-preview:large, max-video-preview:-1\" \/>\n<link rel=\"canonical\" href=\"https:\/\/papayasunset.com.br\/exportadora-de-mamao\" \/>\n<meta property=\"og:locale\" content=\"es_ES\" \/>\n<meta property=\"og:type\" content=\"article\" \/>\n<meta property=\"og:title\" content=\"Exportadora de mam\u00e3o - Sunset | De natureza brasileira\" \/>\n<meta property=\"og:description\" content=\"Como exportadora de mam\u00e3o Sunset, cuidamos para que os nossos produtos cheguem em seguran\u00e7a e qualidade at\u00e9 os mais de 10 pa\u00edses de destino. Conhe\u00e7a!\" \/>\n<meta property=\"og:url\" content=\"https:\/\/papayasunset.com.br\/exportadora-de-mamao\" \/>\n<meta property=\"og:site_name\" content=\"Sunset\" \/>\n<meta property=\"article:modified_time\" content=\"2021-05-27T14:23:35+00:00\" \/>\n<meta property=\"og:image\" content=\"https:\/\/papayasunset.com.br\/wp-content\/uploads\/2021\/02\/Banner__Exportacao.jpg\" \/>\n\t<meta property=\"og:image:width\" content=\"1920\" \/>\n\t<meta property=\"og:image:height\" content=\"1101\" \/>\n\t<meta property=\"og:image:type\" content=\"image\/jpeg\" \/>\n<meta name=\"twitter:card\" content=\"summary_large_image\" \/>\n<meta name=\"twitter:label1\" content=\"Tiempo de lectura\" \/>\n\t<meta name=\"twitter:data1\" content=\"3 minutos\" \/>\n<script type=\"application\/ld+json\" class=\"yoast-schema-graph\">{\"@context\":\"https:\/\/schema.org\",\"@graph\":[{\"@type\":\"WebPage\",\"@id\":\"https:\/\/papayasunset.com.br\/exportadora-de-mamao\",\"url\":\"https:\/\/papayasunset.com.br\/exportadora-de-mamao\",\"name\":\"Exportadora de mam\u00e3o - Sunset | De natureza brasileira\",\"isPartOf\":{\"@id\":\"https:\/\/papayasunset.com.br\/#website\"},\"primaryImageOfPage\":{\"@id\":\"https:\/\/papayasunset.com.br\/exportadora-de-mamao#primaryimage\"},\"image\":{\"@id\":\"https:\/\/papayasunset.com.br\/exportadora-de-mamao#primaryimage\"},\"thumbnailUrl\":\"https:\/\/papayasunset.com.br\/wp-content\/uploads\/2021\/02\/Banner__Exportacao.jpg\",\"datePublished\":\"2019-09-26T16:08:57+00:00\",\"dateModified\":\"2021-05-27T14:23:35+00:00\",\"description\":\"Como exportadora de mam\u00e3o Sunset, cuidamos para que os nossos produtos cheguem em seguran\u00e7a e qualidade at\u00e9 os mais de 10 pa\u00edses de destino. Conhe\u00e7a!\",\"breadcrumb\":{\"@id\":\"https:\/\/papayasunset.com.br\/exportadora-de-mamao#breadcrumb\"},\"inLanguage\":\"es\",\"potentialAction\":[{\"@type\":\"ReadAction\",\"target\":[\"https:\/\/papayasunset.com.br\/exportadora-de-mamao\"]}]},{\"@type\":\"ImageObject\",\"inLanguage\":\"es\",\"@id\":\"https:\/\/papayasunset.com.br\/exportadora-de-mamao#primaryimage\",\"url\":\"https:\/\/papayasunset.com.br\/wp-content\/uploads\/2021\/02\/Banner__Exportacao.jpg\",\"contentUrl\":\"https:\/\/papayasunset.com.br\/wp-content\/uploads\/2021\/02\/Banner__Exportacao.jpg\",\"width\":1920,\"height\":1101},{\"@type\":\"BreadcrumbList\",\"@id\":\"https:\/\/papayasunset.com.br\/exportadora-de-mamao#breadcrumb\",\"itemListElement\":[{\"@type\":\"ListItem\",\"position\":1,\"name\":\"Home\",\"item\":\"https:\/\/papayasunset.com.br\/\"},{\"@type\":\"ListItem\",\"position\":2,\"name\":\"Exportadora\"}]},{\"@type\":\"WebSite\",\"@id\":\"https:\/\/papayasunset.com.br\/#website\",\"url\":\"https:\/\/papayasunset.com.br\/\",\"name\":\"Sunset\",\"description\":\"Brazilian Fruit\",\"publisher\":{\"@id\":\"https:\/\/papayasunset.com.br\/#organization\"},\"potentialAction\":[{\"@type\":\"SearchAction\",\"target\":{\"@type\":\"EntryPoint\",\"urlTemplate\":\"https:\/\/papayasunset.com.br\/?s={search_term_string}\"},\"query-input\":{\"@type\":\"PropertyValueSpecification\",\"valueRequired\":true,\"valueName\":\"search_term_string\"}}],\"inLanguage\":\"es\"},{\"@type\":\"Organization\",\"@id\":\"https:\/\/papayasunset.com.br\/#organization\",\"name\":\"Sunset\",\"url\":\"https:\/\/papayasunset.com.br\/\",\"logo\":{\"@type\":\"ImageObject\",\"inLanguage\":\"es\",\"@id\":\"https:\/\/papayasunset.com.br\/#\/schema\/logo\/image\/\",\"url\":\"https:\/\/papayasunset.com.br\/wp-content\/uploads\/2019\/09\/Logo-Sunset.png\",\"contentUrl\":\"https:\/\/papayasunset.com.br\/wp-content\/uploads\/2019\/09\/Logo-Sunset.png\",\"width\":301,\"height\":212,\"caption\":\"Sunset\"},\"image\":{\"@id\":\"https:\/\/papayasunset.com.br\/#\/schema\/logo\/image\/\"}}]}<\/script>\n","yoast_head_json":{"title":"Exportadora de mam\u00e3o - Sunset | De natureza brasileira","description":"Como exportadora de mam\u00e3o Sunset, cuidamos para que os nossos produtos cheguem em seguran\u00e7a e qualidade at\u00e9 os mais de 10 pa\u00edses de destino. Conhe\u00e7a!","robots":{"index":"index","follow":"follow","max-snippet":"max-snippet:-1","max-image-preview":"max-image-preview:large","max-video-preview":"max-video-preview:-1"},"canonical":"https:\/\/papayasunset.com.br\/exportadora-de-mamao","og_locale":"es_ES","og_type":"article","og_title":"Exportadora de mam\u00e3o - Sunset | De natureza brasileira","og_description":"Como exportadora de mam\u00e3o Sunset, cuidamos para que os nossos produtos cheguem em seguran\u00e7a e qualidade at\u00e9 os mais de 10 pa\u00edses de destino. Conhe\u00e7a!","og_url":"https:\/\/papayasunset.com.br\/exportadora-de-mamao","og_site_name":"Sunset","article_modified_time":"2021-05-27T14:23:35+00:00","og_image":[{"width":1920,"height":1101,"url":"https:\/\/papayasunset.com.br\/wp-content\/uploads\/2021\/02\/Banner__Exportacao.jpg","type":"image\/jpeg"}],"twitter_card":"summary_large_image","twitter_misc":{"Tiempo de lectura":"3 minutos"},"schema":{"@context":"https:\/\/schema.org","@graph":[{"@type":"WebPage","@id":"https:\/\/papayasunset.com.br\/exportadora-de-mamao","url":"https:\/\/papayasunset.com.br\/exportadora-de-mamao","name":"Exportadora de mam\u00e3o - Sunset | De natureza brasileira","isPartOf":{"@id":"https:\/\/papayasunset.com.br\/#website"},"primaryImageOfPage":{"@id":"https:\/\/papayasunset.com.br\/exportadora-de-mamao#primaryimage"},"image":{"@id":"https:\/\/papayasunset.com.br\/exportadora-de-mamao#primaryimage"},"thumbnailUrl":"https:\/\/papayasunset.com.br\/wp-content\/uploads\/2021\/02\/Banner__Exportacao.jpg","datePublished":"2019-09-26T16:08:57+00:00","dateModified":"2021-05-27T14:23:35+00:00","description":"Como exportadora de mam\u00e3o Sunset, cuidamos para que os nossos produtos cheguem em seguran\u00e7a e qualidade at\u00e9 os mais de 10 pa\u00edses de destino. Conhe\u00e7a!","breadcrumb":{"@id":"https:\/\/papayasunset.com.br\/exportadora-de-mamao#breadcrumb"},"inLanguage":"es","potentialAction":[{"@type":"ReadAction","target":["https:\/\/papayasunset.com.br\/exportadora-de-mamao"]}]},{"@type":"ImageObject","inLanguage":"es","@id":"https:\/\/papayasunset.com.br\/exportadora-de-mamao#primaryimage","url":"https:\/\/papayasunset.com.br\/wp-content\/uploads\/2021\/02\/Banner__Exportacao.jpg","contentUrl":"https:\/\/papayasunset.com.br\/wp-content\/uploads\/2021\/02\/Banner__Exportacao.jpg","width":1920,"height":1101},{"@type":"BreadcrumbList","@id":"https:\/\/papayasunset.com.br\/exportadora-de-mamao#breadcrumb","itemListElement":[{"@type":"ListItem","position":1,"name":"Home","item":"https:\/\/papayasunset.com.br\/"},{"@type":"ListItem","position":2,"name":"Exportadora"}]},{"@type":"WebSite","@id":"https:\/\/papayasunset.com.br\/#website","url":"https:\/\/papayasunset.com.br\/","name":"Sunset","description":"Brazilian Fruit","publisher":{"@id":"https:\/\/papayasunset.com.br\/#organization"},"potentialAction":[{"@type":"SearchAction","target":{"@type":"EntryPoint","urlTemplate":"https:\/\/papayasunset.com.br\/?s={search_term_string}"},"query-input":{"@type":"PropertyValueSpecification","valueRequired":true,"valueName":"search_term_string"}}],"inLanguage":"es"},{"@type":"Organization","@id":"https:\/\/papayasunset.com.br\/#organization","name":"Sunset","url":"https:\/\/papayasunset.com.br\/","logo":{"@type":"ImageObject","inLanguage":"es","@id":"https:\/\/papayasunset.com.br\/#\/schema\/logo\/image\/","url":"https:\/\/papayasunset.com.br\/wp-content\/uploads\/2019\/09\/Logo-Sunset.png","contentUrl":"https:\/\/papayasunset.com.br\/wp-content\/uploads\/2019\/09\/Logo-Sunset.png","width":301,"height":212,"caption":"Sunset"},"image":{"@id":"https:\/\/papayasunset.com.br\/#\/schema\/logo\/image\/"}}]}},"_links":{"self":[{"href":"https:\/\/papayasunset.com.br\/es\/wp-json\/wp\/v2\/pages\/15","targetHints":{"allow":["GET"]}}],"collection":[{"href":"https:\/\/papayasunset.com.br\/es\/wp-json\/wp\/v2\/pages"}],"about":[{"href":"https:\/\/papayasunset.com.br\/es\/wp-json\/wp\/v2\/types\/page"}],"author":[{"embeddable":true,"href":"https:\/\/papayasunset.com.br\/es\/wp-json\/wp\/v2\/users\/1"}],"replies":[{"embeddable":true,"href":"https:\/\/papayasunset.com.br\/es\/wp-json\/wp\/v2\/comments?post=15"}],"version-history":[{"count":4,"href":"https:\/\/papayasunset.com.br\/es\/wp-json\/wp\/v2\/pages\/15\/revisions"}],"predecessor-version":[{"id":350,"href":"https:\/\/papayasunset.com.br\/es\/wp-json\/wp\/v2\/pages\/15\/revisions\/350"}],"wp:featuredmedia":[{"embeddable":true,"href":"https:\/\/papayasunset.com.br\/es\/wp-json\/wp\/v2\/media\/273"}],"wp:attachment":[{"href":"https:\/\/papayasunset.com.br\/es\/wp-json\/wp\/v2\/media?parent=15"}],"curies":[{"name":"wp","href":"https:\/\/api.w.org\/{rel}","templated":true}]}}