{"id":169,"date":"2019-09-30T15:54:10","date_gmt":"2019-09-30T18:54:10","guid":{"rendered":"https:\/\/papayasunset.com.br\/?page_id=169"},"modified":"2025-03-20T20:08:34","modified_gmt":"2025-03-20T23:08:34","slug":"certificacao-da-global-gap","status":"publish","type":"page","link":"https:\/\/papayasunset.com.br\/es\/certificacoes\/certificacao-da-global-gap","title":{"rendered":"Certificaci\u00f3n GlobalG.A.P."},"content":{"rendered":"<p>La organizaci\u00f3n mundial tiene un objetivo crucial: una agricultura segura y sostenible en todo el mundo. Se trata de puntos de referencia voluntarios para la certificaci\u00f3n de productos agr\u00edcolas en todo el mundo, basados en las buenas pr\u00e1cticas agr\u00edcolas.<\/p>\n<p>La mayor\u00eda de los minoristas de los mercados actuales de todo el mundo exigen ciertos puntos de referencia que garanticen una agricultura segura y sostenible. La certificaci\u00f3n GLOBALG.A.P. est\u00e1 muy bien considerada por demostrar la seguridad alimentaria y la sostenibilidad en la unidad de producci\u00f3n y garantizar la misma calidad al consumidor final.<\/p>\n<p>Mediante el cumplimiento de las normas GLOBALG.A.P., entregamos nuestros productos, a nivel local y mundial, avalados por un Sistema Integrado de Garant\u00eda de Producci\u00f3n al m\u00e1s alto nivel de calidad.<\/p>","protected":false},"excerpt":{"rendered":"<p>La organizaci\u00f3n mundial tiene un objetivo crucial: una agricultura segura y sostenible en todo el mundo. Se trata de puntos de referencia voluntarios para la certificaci\u00f3n de productos agr\u00edcolas en todo el mundo, basados en las buenas pr\u00e1cticas agr\u00edcolas. La mayor\u00eda de los minoristas de los mercados actuales de todo el mundo exigen ciertos puntos [&hellip;]<\/p>\n","protected":false},"author":1,"featured_media":0,"parent":12,"menu_order":0,"comment_status":"closed","ping_status":"closed","template":"page-template-certificacoes.php","meta":{"footnotes":""},"class_list":["post-169","page","type-page","status-publish","hentry"],"yoast_head":"\n<title>Certificaci\u00f3n GlobalG.A.P. - Sunset<\/title>\n<meta name=\"description\" content=\"(BR) A certifica\u00e7\u00e3o da GlobalG.A.P, reconhecida internacionalmente, significa a oportunidade de produtores locais atuarem em novos mercados a n\u00edvel global!\" \/>\n<meta name=\"robots\" content=\"index, follow, max-snippet:-1, max-image-preview:large, max-video-preview:-1\" \/>\n<link rel=\"canonical\" href=\"https:\/\/papayasunset.com.br\/en\/certificacoes\/certificacao-da-global-gap\" \/>\n<meta property=\"og:locale\" content=\"es_ES\" \/>\n<meta property=\"og:type\" content=\"article\" \/>\n<meta property=\"og:title\" content=\"Certificaci\u00f3n GlobalG.A.P. - Sunset\" \/>\n<meta property=\"og:description\" content=\"(BR) A certifica\u00e7\u00e3o da GlobalG.A.P, reconhecida internacionalmente, significa a oportunidade de produtores locais atuarem em novos mercados a n\u00edvel global!\" \/>\n<meta property=\"og:url\" content=\"https:\/\/papayasunset.com.br\/en\/certificacoes\/certificacao-da-global-gap\" \/>\n<meta property=\"og:site_name\" content=\"Sunset\" \/>\n<meta property=\"article:modified_time\" content=\"2025-03-20T23:08:34+00:00\" \/>\n<meta name=\"twitter:card\" content=\"summary_large_image\" \/>\n<meta name=\"twitter:label1\" content=\"Tiempo de lectura\" \/>\n\t<meta name=\"twitter:data1\" content=\"1 minuto\" \/>\n<script type=\"application\/ld+json\" class=\"yoast-schema-graph\">{\"@context\":\"https:\/\/schema.org\",\"@graph\":[{\"@type\":\"WebPage\",\"@id\":\"https:\/\/papayasunset.com.br\/en\/certificacoes\/certificacao-da-global-gap\",\"url\":\"https:\/\/papayasunset.com.br\/en\/certificacoes\/certificacao-da-global-gap\",\"name\":\"[:pb]Certifica\u00e7\u00e3o da GlobalG.A.P[:en]Certifica\u00e7\u00e3o da GlobalG.A.P[:es]Certificaci\u00f3n GlobalG.A.P.[:] - Sunset\",\"isPartOf\":{\"@id\":\"https:\/\/papayasunset.com.br\/#website\"},\"datePublished\":\"2019-09-30T18:54:10+00:00\",\"dateModified\":\"2025-03-20T23:08:34+00:00\",\"description\":\"(BR) A certifica\u00e7\u00e3o da GlobalG.A.P, reconhecida internacionalmente, significa a oportunidade de produtores locais atuarem em novos mercados a n\u00edvel global!\",\"breadcrumb\":{\"@id\":\"https:\/\/papayasunset.com.br\/en\/certificacoes\/certificacao-da-global-gap#breadcrumb\"},\"inLanguage\":\"es\",\"potentialAction\":[{\"@type\":\"ReadAction\",\"target\":[\"https:\/\/papayasunset.com.br\/en\/certificacoes\/certificacao-da-global-gap\"]}]},{\"@type\":\"BreadcrumbList\",\"@id\":\"https:\/\/papayasunset.com.br\/en\/certificacoes\/certificacao-da-global-gap#breadcrumb\",\"itemListElement\":[{\"@type\":\"ListItem\",\"position\":1,\"name\":\"Home\",\"item\":\"https:\/\/papayasunset.com.br\/\"},{\"@type\":\"ListItem\",\"position\":2,\"name\":\"Certifica\u00e7\u00f5es\",\"item\":\"https:\/\/papayasunset.com.br\/certificacoes\"},{\"@type\":\"ListItem\",\"position\":3,\"name\":\"Certifica\u00e7\u00e3o da GlobalG.A.P\"}]},{\"@type\":\"WebSite\",\"@id\":\"https:\/\/papayasunset.com.br\/#website\",\"url\":\"https:\/\/papayasunset.com.br\/\",\"name\":\"Sunset\",\"description\":\"Brazilian Fruit\",\"publisher\":{\"@id\":\"https:\/\/papayasunset.com.br\/#organization\"},\"potentialAction\":[{\"@type\":\"SearchAction\",\"target\":{\"@type\":\"EntryPoint\",\"urlTemplate\":\"https:\/\/papayasunset.com.br\/?s={search_term_string}\"},\"query-input\":{\"@type\":\"PropertyValueSpecification\",\"valueRequired\":true,\"valueName\":\"search_term_string\"}}],\"inLanguage\":\"es\"},{\"@type\":\"Organization\",\"@id\":\"https:\/\/papayasunset.com.br\/#organization\",\"name\":\"Sunset\",\"url\":\"https:\/\/papayasunset.com.br\/\",\"logo\":{\"@type\":\"ImageObject\",\"inLanguage\":\"es\",\"@id\":\"https:\/\/papayasunset.com.br\/#\/schema\/logo\/image\/\",\"url\":\"https:\/\/papayasunset.com.br\/wp-content\/uploads\/2019\/09\/Logo-Sunset.png\",\"contentUrl\":\"https:\/\/papayasunset.com.br\/wp-content\/uploads\/2019\/09\/Logo-Sunset.png\",\"width\":301,\"height\":212,\"caption\":\"Sunset\"},\"image\":{\"@id\":\"https:\/\/papayasunset.com.br\/#\/schema\/logo\/image\/\"}}]}<\/script>\n","yoast_head_json":{"title":"Certificaci\u00f3n GlobalG.A.P. - Sunset","description":"(BR) A certifica\u00e7\u00e3o da GlobalG.A.P, reconhecida internacionalmente, significa a oportunidade de produtores locais atuarem em novos mercados a n\u00edvel global!","robots":{"index":"index","follow":"follow","max-snippet":"max-snippet:-1","max-image-preview":"max-image-preview:large","max-video-preview":"max-video-preview:-1"},"canonical":"https:\/\/papayasunset.com.br\/en\/certificacoes\/certificacao-da-global-gap","og_locale":"es_ES","og_type":"article","og_title":"Certificaci\u00f3n GlobalG.A.P. - Sunset","og_description":"(BR) A certifica\u00e7\u00e3o da GlobalG.A.P, reconhecida internacionalmente, significa a oportunidade de produtores locais atuarem em novos mercados a n\u00edvel global!","og_url":"https:\/\/papayasunset.com.br\/en\/certificacoes\/certificacao-da-global-gap","og_site_name":"Sunset","article_modified_time":"2025-03-20T23:08:34+00:00","twitter_card":"summary_large_image","twitter_misc":{"Tiempo de lectura":"1 minuto"},"schema":{"@context":"https:\/\/schema.org","@graph":[{"@type":"WebPage","@id":"https:\/\/papayasunset.com.br\/en\/certificacoes\/certificacao-da-global-gap","url":"https:\/\/papayasunset.com.br\/en\/certificacoes\/certificacao-da-global-gap","name":"[:pb]Certifica\u00e7\u00e3o da GlobalG.A.P[:en]Certifica\u00e7\u00e3o da GlobalG.A.P[:es]Certificaci\u00f3n GlobalG.A.P.[:] - Sunset","isPartOf":{"@id":"https:\/\/papayasunset.com.br\/#website"},"datePublished":"2019-09-30T18:54:10+00:00","dateModified":"2025-03-20T23:08:34+00:00","description":"(BR) A certifica\u00e7\u00e3o da GlobalG.A.P, reconhecida internacionalmente, significa a oportunidade de produtores locais atuarem em novos mercados a n\u00edvel global!","breadcrumb":{"@id":"https:\/\/papayasunset.com.br\/en\/certificacoes\/certificacao-da-global-gap#breadcrumb"},"inLanguage":"es","potentialAction":[{"@type":"ReadAction","target":["https:\/\/papayasunset.com.br\/en\/certificacoes\/certificacao-da-global-gap"]}]},{"@type":"BreadcrumbList","@id":"https:\/\/papayasunset.com.br\/en\/certificacoes\/certificacao-da-global-gap#breadcrumb","itemListElement":[{"@type":"ListItem","position":1,"name":"Home","item":"https:\/\/papayasunset.com.br\/"},{"@type":"ListItem","position":2,"name":"Certifica\u00e7\u00f5es","item":"https:\/\/papayasunset.com.br\/certificacoes"},{"@type":"ListItem","position":3,"name":"Certifica\u00e7\u00e3o da GlobalG.A.P"}]},{"@type":"WebSite","@id":"https:\/\/papayasunset.com.br\/#website","url":"https:\/\/papayasunset.com.br\/","name":"Sunset","description":"Brazilian Fruit","publisher":{"@id":"https:\/\/papayasunset.com.br\/#organization"},"potentialAction":[{"@type":"SearchAction","target":{"@type":"EntryPoint","urlTemplate":"https:\/\/papayasunset.com.br\/?s={search_term_string}"},"query-input":{"@type":"PropertyValueSpecification","valueRequired":true,"valueName":"search_term_string"}}],"inLanguage":"es"},{"@type":"Organization","@id":"https:\/\/papayasunset.com.br\/#organization","name":"Sunset","url":"https:\/\/papayasunset.com.br\/","logo":{"@type":"ImageObject","inLanguage":"es","@id":"https:\/\/papayasunset.com.br\/#\/schema\/logo\/image\/","url":"https:\/\/papayasunset.com.br\/wp-content\/uploads\/2019\/09\/Logo-Sunset.png","contentUrl":"https:\/\/papayasunset.com.br\/wp-content\/uploads\/2019\/09\/Logo-Sunset.png","width":301,"height":212,"caption":"Sunset"},"image":{"@id":"https:\/\/papayasunset.com.br\/#\/schema\/logo\/image\/"}}]}},"_links":{"self":[{"href":"https:\/\/papayasunset.com.br\/es\/wp-json\/wp\/v2\/pages\/169","targetHints":{"allow":["GET"]}}],"collection":[{"href":"https:\/\/papayasunset.com.br\/es\/wp-json\/wp\/v2\/pages"}],"about":[{"href":"https:\/\/papayasunset.com.br\/es\/wp-json\/wp\/v2\/types\/page"}],"author":[{"embeddable":true,"href":"https:\/\/papayasunset.com.br\/es\/wp-json\/wp\/v2\/users\/1"}],"replies":[{"embeddable":true,"href":"https:\/\/papayasunset.com.br\/es\/wp-json\/wp\/v2\/comments?post=169"}],"version-history":[{"count":2,"href":"https:\/\/papayasunset.com.br\/es\/wp-json\/wp\/v2\/pages\/169\/revisions"}],"predecessor-version":[{"id":347,"href":"https:\/\/papayasunset.com.br\/es\/wp-json\/wp\/v2\/pages\/169\/revisions\/347"}],"up":[{"embeddable":true,"href":"https:\/\/papayasunset.com.br\/es\/wp-json\/wp\/v2\/pages\/12"}],"wp:attachment":[{"href":"https:\/\/papayasunset.com.br\/es\/wp-json\/wp\/v2\/media?parent=169"}],"curies":[{"name":"wp","href":"https:\/\/api.w.org\/{rel}","templated":true}]}}