{"id":172,"date":"2019-09-30T15:58:25","date_gmt":"2019-09-30T18:58:25","guid":{"rendered":"https:\/\/papayasunset.com.br\/?page_id=172"},"modified":"2021-05-27T11:19:51","modified_gmt":"2021-05-27T14:19:51","slug":"certificacao-smeta","status":"publish","type":"page","link":"https:\/\/papayasunset.com.br\/es\/certificacoes\/certificacao-smeta","title":{"rendered":"Certificaci\u00f3n SMETA"},"content":{"rendered":"<p>Nuestro exportador Interfruit, al adherirse a la visi\u00f3n de SEDEX, asume el compromiso de impulsar su organizaci\u00f3n a nivel mundial para mejorar la vida de las personas a las que impacta con su negocio.<\/p>\n<p>La Auditor\u00eda de Comercio \u00c9tico de los Miembros de Sedex (SMETA) es un procedimiento de auditor\u00eda que consiste en una recopilaci\u00f3n de buenas pr\u00e1cticas en la t\u00e9cnica de auditor\u00eda \u00e9tica y leyes locales como herramienta de medici\u00f3n, basada en cuatro m\u00f3dulos: Salud y seguridad; Normas laborales; Medio ambiente; \u00c9tica empresarial.<\/p>\n<p>Al poner a disposici\u00f3n del p\u00fablico la certificaci\u00f3n SMETA, promovemos una mayor transparencia en la metodolog\u00eda de auditor\u00eda y compartimos los conocimientos sobre las cualificaciones de los auditores y las pr\u00e1cticas en las que se basan los informes SMETA.<\/p>\n<p>Creemos que cada persona que trabaja con nosotros debe tener igualdad, un lugar de trabajo seguro y los medios para mantenerse a s\u00ed mismos y a sus familias, sin sobornos ni corrupci\u00f3n, utilizando m\u00e9todos sostenibles que mantengan el medio ambiente intacto para las generaciones futuras.<\/p>\n<p>Para cumplir esta visi\u00f3n, Interfruit se ha adherido a los requisitos de Sedex\/Smeta. Por ello, publicamos la informaci\u00f3n, las herramientas y los servicios m\u00e1s fiables y eficaces para gestionar el riesgo y llevar a cabo una actividad empresarial responsable en las cadenas de suministro mundiales, con soluciones innovadoras para proteger a las personas, el medio ambiente y las empresas de forma sostenible y \u00e9tica.<\/p>","protected":false},"excerpt":{"rendered":"<p>Nuestro exportador Interfruit, al adherirse a la visi\u00f3n de SEDEX, asume el compromiso de impulsar su organizaci\u00f3n a nivel mundial para mejorar la vida de las personas a las que impacta con su negocio. La Auditor\u00eda de Comercio \u00c9tico de los Miembros de Sedex (SMETA) es un procedimiento de auditor\u00eda que consiste en una recopilaci\u00f3n [&hellip;]<\/p>\n","protected":false},"author":1,"featured_media":0,"parent":12,"menu_order":0,"comment_status":"closed","ping_status":"closed","template":"page-template-certificacoes.php","meta":{"footnotes":""},"class_list":["post-172","page","type-page","status-publish","hentry"],"yoast_head":"\n<title>(BR) Certifica\u00e7\u00e3o da Tesco Nurture - Sunset | Exporta\u00e7\u00e3o Interfruit<\/title>\n<meta name=\"description\" content=\"(BR) A certifica\u00e7\u00e3o da Tesco Nurture atende as mais altas exig\u00eancias internacionais para a agricultura, com compromisso social e ambiental.\" \/>\n<meta name=\"robots\" content=\"index, follow, max-snippet:-1, max-image-preview:large, max-video-preview:-1\" \/>\n<link rel=\"canonical\" href=\"https:\/\/papayasunset.com.br\/en\/certificacoes\/certificacao-smeta\" \/>\n<meta property=\"og:locale\" content=\"es_ES\" \/>\n<meta property=\"og:type\" content=\"article\" \/>\n<meta property=\"og:title\" content=\"(BR) Certifica\u00e7\u00e3o da Tesco Nurture - Sunset | Exporta\u00e7\u00e3o Interfruit\" \/>\n<meta property=\"og:description\" content=\"(BR) A certifica\u00e7\u00e3o da Tesco Nurture atende as mais altas exig\u00eancias internacionais para a agricultura, com compromisso social e ambiental.\" \/>\n<meta property=\"og:url\" content=\"https:\/\/papayasunset.com.br\/en\/certificacoes\/certificacao-smeta\" \/>\n<meta property=\"og:site_name\" content=\"Sunset\" \/>\n<meta property=\"article:modified_time\" content=\"2021-05-27T14:19:51+00:00\" \/>\n<meta name=\"twitter:card\" content=\"summary_large_image\" \/>\n<meta name=\"twitter:label1\" content=\"Tiempo de lectura\" \/>\n\t<meta name=\"twitter:data1\" content=\"1 minuto\" \/>\n<script type=\"application\/ld+json\" class=\"yoast-schema-graph\">{\"@context\":\"https:\/\/schema.org\",\"@graph\":[{\"@type\":\"WebPage\",\"@id\":\"https:\/\/papayasunset.com.br\/en\/certificacoes\/certificacao-smeta\",\"url\":\"https:\/\/papayasunset.com.br\/en\/certificacoes\/certificacao-smeta\",\"name\":\"(BR) Certifica\u00e7\u00e3o da Tesco Nurture - Sunset | Exporta\u00e7\u00e3o Interfruit\",\"isPartOf\":{\"@id\":\"https:\/\/papayasunset.com.br\/#website\"},\"datePublished\":\"2019-09-30T18:58:25+00:00\",\"dateModified\":\"2021-05-27T14:19:51+00:00\",\"description\":\"(BR) A certifica\u00e7\u00e3o da Tesco Nurture atende as mais altas exig\u00eancias internacionais para a agricultura, com compromisso social e ambiental.\",\"breadcrumb\":{\"@id\":\"https:\/\/papayasunset.com.br\/en\/certificacoes\/certificacao-smeta#breadcrumb\"},\"inLanguage\":\"es\",\"potentialAction\":[{\"@type\":\"ReadAction\",\"target\":[\"https:\/\/papayasunset.com.br\/en\/certificacoes\/certificacao-smeta\"]}]},{\"@type\":\"BreadcrumbList\",\"@id\":\"https:\/\/papayasunset.com.br\/en\/certificacoes\/certificacao-smeta#breadcrumb\",\"itemListElement\":[{\"@type\":\"ListItem\",\"position\":1,\"name\":\"Home\",\"item\":\"https:\/\/papayasunset.com.br\/\"},{\"@type\":\"ListItem\",\"position\":2,\"name\":\"Certifica\u00e7\u00f5es\",\"item\":\"https:\/\/papayasunset.com.br\/certificacoes\"},{\"@type\":\"ListItem\",\"position\":3,\"name\":\"SMETA certification\"}]},{\"@type\":\"WebSite\",\"@id\":\"https:\/\/papayasunset.com.br\/#website\",\"url\":\"https:\/\/papayasunset.com.br\/\",\"name\":\"Sunset\",\"description\":\"Brazilian Fruit\",\"publisher\":{\"@id\":\"https:\/\/papayasunset.com.br\/#organization\"},\"potentialAction\":[{\"@type\":\"SearchAction\",\"target\":{\"@type\":\"EntryPoint\",\"urlTemplate\":\"https:\/\/papayasunset.com.br\/?s={search_term_string}\"},\"query-input\":{\"@type\":\"PropertyValueSpecification\",\"valueRequired\":true,\"valueName\":\"search_term_string\"}}],\"inLanguage\":\"es\"},{\"@type\":\"Organization\",\"@id\":\"https:\/\/papayasunset.com.br\/#organization\",\"name\":\"Sunset\",\"url\":\"https:\/\/papayasunset.com.br\/\",\"logo\":{\"@type\":\"ImageObject\",\"inLanguage\":\"es\",\"@id\":\"https:\/\/papayasunset.com.br\/#\/schema\/logo\/image\/\",\"url\":\"https:\/\/papayasunset.com.br\/wp-content\/uploads\/2019\/09\/Logo-Sunset.png\",\"contentUrl\":\"https:\/\/papayasunset.com.br\/wp-content\/uploads\/2019\/09\/Logo-Sunset.png\",\"width\":301,\"height\":212,\"caption\":\"Sunset\"},\"image\":{\"@id\":\"https:\/\/papayasunset.com.br\/#\/schema\/logo\/image\/\"}}]}<\/script>\n","yoast_head_json":{"title":"(BR) Certifica\u00e7\u00e3o da Tesco Nurture - Sunset | Exporta\u00e7\u00e3o Interfruit","description":"(BR) A certifica\u00e7\u00e3o da Tesco Nurture atende as mais altas exig\u00eancias internacionais para a agricultura, com compromisso social e ambiental.","robots":{"index":"index","follow":"follow","max-snippet":"max-snippet:-1","max-image-preview":"max-image-preview:large","max-video-preview":"max-video-preview:-1"},"canonical":"https:\/\/papayasunset.com.br\/en\/certificacoes\/certificacao-smeta","og_locale":"es_ES","og_type":"article","og_title":"(BR) Certifica\u00e7\u00e3o da Tesco Nurture - Sunset | Exporta\u00e7\u00e3o Interfruit","og_description":"(BR) A certifica\u00e7\u00e3o da Tesco Nurture atende as mais altas exig\u00eancias internacionais para a agricultura, com compromisso social e ambiental.","og_url":"https:\/\/papayasunset.com.br\/en\/certificacoes\/certificacao-smeta","og_site_name":"Sunset","article_modified_time":"2021-05-27T14:19:51+00:00","twitter_card":"summary_large_image","twitter_misc":{"Tiempo de lectura":"1 minuto"},"schema":{"@context":"https:\/\/schema.org","@graph":[{"@type":"WebPage","@id":"https:\/\/papayasunset.com.br\/en\/certificacoes\/certificacao-smeta","url":"https:\/\/papayasunset.com.br\/en\/certificacoes\/certificacao-smeta","name":"(BR) Certifica\u00e7\u00e3o da Tesco Nurture - Sunset | Exporta\u00e7\u00e3o Interfruit","isPartOf":{"@id":"https:\/\/papayasunset.com.br\/#website"},"datePublished":"2019-09-30T18:58:25+00:00","dateModified":"2021-05-27T14:19:51+00:00","description":"(BR) A certifica\u00e7\u00e3o da Tesco Nurture atende as mais altas exig\u00eancias internacionais para a agricultura, com compromisso social e ambiental.","breadcrumb":{"@id":"https:\/\/papayasunset.com.br\/en\/certificacoes\/certificacao-smeta#breadcrumb"},"inLanguage":"es","potentialAction":[{"@type":"ReadAction","target":["https:\/\/papayasunset.com.br\/en\/certificacoes\/certificacao-smeta"]}]},{"@type":"BreadcrumbList","@id":"https:\/\/papayasunset.com.br\/en\/certificacoes\/certificacao-smeta#breadcrumb","itemListElement":[{"@type":"ListItem","position":1,"name":"Home","item":"https:\/\/papayasunset.com.br\/"},{"@type":"ListItem","position":2,"name":"Certifica\u00e7\u00f5es","item":"https:\/\/papayasunset.com.br\/certificacoes"},{"@type":"ListItem","position":3,"name":"SMETA certification"}]},{"@type":"WebSite","@id":"https:\/\/papayasunset.com.br\/#website","url":"https:\/\/papayasunset.com.br\/","name":"Sunset","description":"Brazilian Fruit","publisher":{"@id":"https:\/\/papayasunset.com.br\/#organization"},"potentialAction":[{"@type":"SearchAction","target":{"@type":"EntryPoint","urlTemplate":"https:\/\/papayasunset.com.br\/?s={search_term_string}"},"query-input":{"@type":"PropertyValueSpecification","valueRequired":true,"valueName":"search_term_string"}}],"inLanguage":"es"},{"@type":"Organization","@id":"https:\/\/papayasunset.com.br\/#organization","name":"Sunset","url":"https:\/\/papayasunset.com.br\/","logo":{"@type":"ImageObject","inLanguage":"es","@id":"https:\/\/papayasunset.com.br\/#\/schema\/logo\/image\/","url":"https:\/\/papayasunset.com.br\/wp-content\/uploads\/2019\/09\/Logo-Sunset.png","contentUrl":"https:\/\/papayasunset.com.br\/wp-content\/uploads\/2019\/09\/Logo-Sunset.png","width":301,"height":212,"caption":"Sunset"},"image":{"@id":"https:\/\/papayasunset.com.br\/#\/schema\/logo\/image\/"}}]}},"_links":{"self":[{"href":"https:\/\/papayasunset.com.br\/es\/wp-json\/wp\/v2\/pages\/172","targetHints":{"allow":["GET"]}}],"collection":[{"href":"https:\/\/papayasunset.com.br\/es\/wp-json\/wp\/v2\/pages"}],"about":[{"href":"https:\/\/papayasunset.com.br\/es\/wp-json\/wp\/v2\/types\/page"}],"author":[{"embeddable":true,"href":"https:\/\/papayasunset.com.br\/es\/wp-json\/wp\/v2\/users\/1"}],"replies":[{"embeddable":true,"href":"https:\/\/papayasunset.com.br\/es\/wp-json\/wp\/v2\/comments?post=172"}],"version-history":[{"count":2,"href":"https:\/\/papayasunset.com.br\/es\/wp-json\/wp\/v2\/pages\/172\/revisions"}],"predecessor-version":[{"id":349,"href":"https:\/\/papayasunset.com.br\/es\/wp-json\/wp\/v2\/pages\/172\/revisions\/349"}],"up":[{"embeddable":true,"href":"https:\/\/papayasunset.com.br\/es\/wp-json\/wp\/v2\/pages\/12"}],"wp:attachment":[{"href":"https:\/\/papayasunset.com.br\/es\/wp-json\/wp\/v2\/media?parent=172"}],"curies":[{"name":"wp","href":"https:\/\/api.w.org\/{rel}","templated":true}]}}