{"id":384,"date":"2023-09-06T11:19:01","date_gmt":"2023-09-06T14:19:01","guid":{"rendered":"https:\/\/papayasunset.com.br\/?page_id=384"},"modified":"2023-09-06T11:25:55","modified_gmt":"2023-09-06T14:25:55","slug":"certificacao-abrafrutas","status":"publish","type":"page","link":"https:\/\/papayasunset.com.br\/es\/certificacoes\/certificacao-abrafrutas","title":{"rendered":"(BR) Certifica\u00e7\u00e3o Abrafrutas"},"content":{"rendered":"<p class=\"qtranxs-available-languages-message qtranxs-available-languages-message-es\">Disculpa, pero esta entrada est\u00e1 disponible s\u00f3lo en <a href=\"https:\/\/papayasunset.com.br\/pb\/wp-json\/wp\/v2\/pages\/384\" class=\"qtranxs-available-language-link qtranxs-available-language-link-pb\" title=\"BR\">BR<\/a>.<\/p>","protected":false},"excerpt":{"rendered":"<p>Disculpa, pero esta entrada est\u00e1 disponible s\u00f3lo en BR.<\/p>\n","protected":false},"author":1,"featured_media":0,"parent":12,"menu_order":0,"comment_status":"closed","ping_status":"closed","template":"page-template-certificacoes.php","meta":{"footnotes":""},"class_list":["post-384","page","type-page","status-publish","hentry"],"yoast_head":"\n<title>(BR) Certifica\u00e7\u00e3o Abrafrutas - Sunset<\/title>\n<meta name=\"robots\" content=\"index, follow, max-snippet:-1, max-image-preview:large, max-video-preview:-1\" \/>\n<link rel=\"canonical\" href=\"https:\/\/papayasunset.com.br\/certificacoes\/certificacao-abrafrutas\" \/>\n<meta property=\"og:locale\" content=\"es_ES\" \/>\n<meta property=\"og:type\" content=\"article\" \/>\n<meta property=\"og:title\" content=\"(BR) Certifica\u00e7\u00e3o Abrafrutas - Sunset\" \/>\n<meta property=\"og:description\" content=\"Disculpa, pero esta entrada est\u00e1 disponible s\u00f3lo en BR.\" \/>\n<meta property=\"og:url\" content=\"https:\/\/papayasunset.com.br\/certificacoes\/certificacao-abrafrutas\" \/>\n<meta property=\"og:site_name\" content=\"Sunset\" \/>\n<meta property=\"article:modified_time\" content=\"2023-09-06T14:25:55+00:00\" \/>\n<meta name=\"twitter:card\" content=\"summary_large_image\" \/>\n<meta name=\"twitter:label1\" content=\"Tiempo de lectura\" \/>\n\t<meta name=\"twitter:data1\" content=\"3 minutos\" \/>\n<script type=\"application\/ld+json\" class=\"yoast-schema-graph\">{\"@context\":\"https:\/\/schema.org\",\"@graph\":[{\"@type\":\"WebPage\",\"@id\":\"https:\/\/papayasunset.com.br\/certificacoes\/certificacao-abrafrutas\",\"url\":\"https:\/\/papayasunset.com.br\/certificacoes\/certificacao-abrafrutas\",\"name\":\"[:pb]Certifica\u00e7\u00e3o Abrafrutas[:] - Sunset\",\"isPartOf\":{\"@id\":\"https:\/\/papayasunset.com.br\/#website\"},\"datePublished\":\"2023-09-06T14:19:01+00:00\",\"dateModified\":\"2023-09-06T14:25:55+00:00\",\"breadcrumb\":{\"@id\":\"https:\/\/papayasunset.com.br\/certificacoes\/certificacao-abrafrutas#breadcrumb\"},\"inLanguage\":\"es\",\"potentialAction\":[{\"@type\":\"ReadAction\",\"target\":[\"https:\/\/papayasunset.com.br\/certificacoes\/certificacao-abrafrutas\"]}]},{\"@type\":\"BreadcrumbList\",\"@id\":\"https:\/\/papayasunset.com.br\/certificacoes\/certificacao-abrafrutas#breadcrumb\",\"itemListElement\":[{\"@type\":\"ListItem\",\"position\":1,\"name\":\"Home\",\"item\":\"https:\/\/papayasunset.com.br\/\"},{\"@type\":\"ListItem\",\"position\":2,\"name\":\"Certifica\u00e7\u00f5es\",\"item\":\"https:\/\/papayasunset.com.br\/certificacoes\"},{\"@type\":\"ListItem\",\"position\":3,\"name\":\"Certifica\u00e7\u00e3o Abrafrutas\"}]},{\"@type\":\"WebSite\",\"@id\":\"https:\/\/papayasunset.com.br\/#website\",\"url\":\"https:\/\/papayasunset.com.br\/\",\"name\":\"Sunset\",\"description\":\"Brazilian Fruit\",\"publisher\":{\"@id\":\"https:\/\/papayasunset.com.br\/#organization\"},\"potentialAction\":[{\"@type\":\"SearchAction\",\"target\":{\"@type\":\"EntryPoint\",\"urlTemplate\":\"https:\/\/papayasunset.com.br\/?s={search_term_string}\"},\"query-input\":{\"@type\":\"PropertyValueSpecification\",\"valueRequired\":true,\"valueName\":\"search_term_string\"}}],\"inLanguage\":\"es\"},{\"@type\":\"Organization\",\"@id\":\"https:\/\/papayasunset.com.br\/#organization\",\"name\":\"Sunset\",\"url\":\"https:\/\/papayasunset.com.br\/\",\"logo\":{\"@type\":\"ImageObject\",\"inLanguage\":\"es\",\"@id\":\"https:\/\/papayasunset.com.br\/#\/schema\/logo\/image\/\",\"url\":\"https:\/\/papayasunset.com.br\/wp-content\/uploads\/2019\/09\/Logo-Sunset.png\",\"contentUrl\":\"https:\/\/papayasunset.com.br\/wp-content\/uploads\/2019\/09\/Logo-Sunset.png\",\"width\":301,\"height\":212,\"caption\":\"Sunset\"},\"image\":{\"@id\":\"https:\/\/papayasunset.com.br\/#\/schema\/logo\/image\/\"}}]}<\/script>\n","yoast_head_json":{"title":"(BR) Certifica\u00e7\u00e3o Abrafrutas - Sunset","robots":{"index":"index","follow":"follow","max-snippet":"max-snippet:-1","max-image-preview":"max-image-preview:large","max-video-preview":"max-video-preview:-1"},"canonical":"https:\/\/papayasunset.com.br\/certificacoes\/certificacao-abrafrutas","og_locale":"es_ES","og_type":"article","og_title":"(BR) Certifica\u00e7\u00e3o Abrafrutas - Sunset","og_description":"Disculpa, pero esta entrada est\u00e1 disponible s\u00f3lo en BR.","og_url":"https:\/\/papayasunset.com.br\/certificacoes\/certificacao-abrafrutas","og_site_name":"Sunset","article_modified_time":"2023-09-06T14:25:55+00:00","twitter_card":"summary_large_image","twitter_misc":{"Tiempo de lectura":"3 minutos"},"schema":{"@context":"https:\/\/schema.org","@graph":[{"@type":"WebPage","@id":"https:\/\/papayasunset.com.br\/certificacoes\/certificacao-abrafrutas","url":"https:\/\/papayasunset.com.br\/certificacoes\/certificacao-abrafrutas","name":"[:pb]Certifica\u00e7\u00e3o Abrafrutas[:] - Sunset","isPartOf":{"@id":"https:\/\/papayasunset.com.br\/#website"},"datePublished":"2023-09-06T14:19:01+00:00","dateModified":"2023-09-06T14:25:55+00:00","breadcrumb":{"@id":"https:\/\/papayasunset.com.br\/certificacoes\/certificacao-abrafrutas#breadcrumb"},"inLanguage":"es","potentialAction":[{"@type":"ReadAction","target":["https:\/\/papayasunset.com.br\/certificacoes\/certificacao-abrafrutas"]}]},{"@type":"BreadcrumbList","@id":"https:\/\/papayasunset.com.br\/certificacoes\/certificacao-abrafrutas#breadcrumb","itemListElement":[{"@type":"ListItem","position":1,"name":"Home","item":"https:\/\/papayasunset.com.br\/"},{"@type":"ListItem","position":2,"name":"Certifica\u00e7\u00f5es","item":"https:\/\/papayasunset.com.br\/certificacoes"},{"@type":"ListItem","position":3,"name":"Certifica\u00e7\u00e3o Abrafrutas"}]},{"@type":"WebSite","@id":"https:\/\/papayasunset.com.br\/#website","url":"https:\/\/papayasunset.com.br\/","name":"Sunset","description":"Brazilian Fruit","publisher":{"@id":"https:\/\/papayasunset.com.br\/#organization"},"potentialAction":[{"@type":"SearchAction","target":{"@type":"EntryPoint","urlTemplate":"https:\/\/papayasunset.com.br\/?s={search_term_string}"},"query-input":{"@type":"PropertyValueSpecification","valueRequired":true,"valueName":"search_term_string"}}],"inLanguage":"es"},{"@type":"Organization","@id":"https:\/\/papayasunset.com.br\/#organization","name":"Sunset","url":"https:\/\/papayasunset.com.br\/","logo":{"@type":"ImageObject","inLanguage":"es","@id":"https:\/\/papayasunset.com.br\/#\/schema\/logo\/image\/","url":"https:\/\/papayasunset.com.br\/wp-content\/uploads\/2019\/09\/Logo-Sunset.png","contentUrl":"https:\/\/papayasunset.com.br\/wp-content\/uploads\/2019\/09\/Logo-Sunset.png","width":301,"height":212,"caption":"Sunset"},"image":{"@id":"https:\/\/papayasunset.com.br\/#\/schema\/logo\/image\/"}}]}},"_links":{"self":[{"href":"https:\/\/papayasunset.com.br\/es\/wp-json\/wp\/v2\/pages\/384","targetHints":{"allow":["GET"]}}],"collection":[{"href":"https:\/\/papayasunset.com.br\/es\/wp-json\/wp\/v2\/pages"}],"about":[{"href":"https:\/\/papayasunset.com.br\/es\/wp-json\/wp\/v2\/types\/page"}],"author":[{"embeddable":true,"href":"https:\/\/papayasunset.com.br\/es\/wp-json\/wp\/v2\/users\/1"}],"replies":[{"embeddable":true,"href":"https:\/\/papayasunset.com.br\/es\/wp-json\/wp\/v2\/comments?post=384"}],"version-history":[{"count":4,"href":"https:\/\/papayasunset.com.br\/es\/wp-json\/wp\/v2\/pages\/384\/revisions"}],"predecessor-version":[{"id":390,"href":"https:\/\/papayasunset.com.br\/es\/wp-json\/wp\/v2\/pages\/384\/revisions\/390"}],"up":[{"embeddable":true,"href":"https:\/\/papayasunset.com.br\/es\/wp-json\/wp\/v2\/pages\/12"}],"wp:attachment":[{"href":"https:\/\/papayasunset.com.br\/es\/wp-json\/wp\/v2\/media?parent=384"}],"curies":[{"name":"wp","href":"https:\/\/api.w.org\/{rel}","templated":true}]}}